{"id":152,"date":"2025-06-17T12:49:48","date_gmt":"2025-06-17T12:49:48","guid":{"rendered":"http:\/\/91.214.191.58\/?page_id=152"},"modified":"2025-12-23T18:15:26","modified_gmt":"2025-12-23T16:15:26","slug":"prieres-et-confessions","status":"publish","type":"page","link":"https:\/\/stgilduin.fr\/?page_id=152","title":{"rendered":"Pri\u00e8res et confessions"},"content":{"rendered":"\n<p><\/p>\n\n\n\n<div class=\"wp-block-group has-global-padding is-layout-constrained wp-block-group-is-layout-constrained\">\n<p class=\"has-text-align-center\"><strong>Permanence de Confession<\/strong> <\/p>\n\n\n\n<p class=\"has-text-align-center\"> <strong>\u00e0 l&rsquo;\u00e9glise de L\u00e8ves<\/strong><\/p>\n\n\n\n<p class=\"has-text-align-center\"><strong>le 24 d\u00e9cembre de 9h \u00e0 12h<\/strong><\/p>\n<\/div>\n\n\n\n<figure class=\"wp-block-gallery has-nested-images columns-default is-cropped wp-block-gallery-1 is-layout-flex wp-block-gallery-is-layout-flex\">\n<figure class=\"wp-block-image size-full\"><img loading=\"lazy\" decoding=\"async\" width=\"311\" height=\"225\" data-id=\"361\" src=\"http:\/\/91.214.191.58\/wp-content\/uploads\/2025\/06\/Capture-decran-2025-06-23-a-16.25.59.png\" alt=\"\" class=\"wp-image-361\" srcset=\"https:\/\/stgilduin.fr\/wp-content\/uploads\/2025\/06\/Capture-decran-2025-06-23-a-16.25.59.png 311w, https:\/\/stgilduin.fr\/wp-content\/uploads\/2025\/06\/Capture-decran-2025-06-23-a-16.25.59-300x217.png 300w\" sizes=\"auto, (max-width: 311px) 100vw, 311px\" \/><\/figure>\n\n\n\n<figure class=\"wp-block-image size-large\"><img loading=\"lazy\" decoding=\"async\" width=\"433\" height=\"247\" data-id=\"359\" src=\"http:\/\/91.214.191.58\/wp-content\/uploads\/2025\/06\/Capture-decran-2025-06-23-a-16.25.04.png\" alt=\"\" class=\"wp-image-359\" srcset=\"https:\/\/stgilduin.fr\/wp-content\/uploads\/2025\/06\/Capture-decran-2025-06-23-a-16.25.04.png 433w, https:\/\/stgilduin.fr\/wp-content\/uploads\/2025\/06\/Capture-decran-2025-06-23-a-16.25.04-300x171.png 300w\" sizes=\"auto, (max-width: 433px) 100vw, 433px\" \/><\/figure>\n\n\n\n<figure class=\"wp-block-image size-large\"><img loading=\"lazy\" decoding=\"async\" width=\"364\" height=\"243\" data-id=\"360\" src=\"http:\/\/91.214.191.58\/wp-content\/uploads\/2025\/06\/Capture-decran-2025-06-23-a-16.25.27.png\" alt=\"\" class=\"wp-image-360\" srcset=\"https:\/\/stgilduin.fr\/wp-content\/uploads\/2025\/06\/Capture-decran-2025-06-23-a-16.25.27.png 364w, https:\/\/stgilduin.fr\/wp-content\/uploads\/2025\/06\/Capture-decran-2025-06-23-a-16.25.27-300x200.png 300w\" sizes=\"auto, (max-width: 364px) 100vw, 364px\" \/><\/figure>\n<\/figure>\n\n\n\n<figure class=\"wp-block-table\"><table class=\"has-fixed-layout\"><tbody><tr><td class=\"has-text-align-center\" data-align=\"center\"><strong><mark style=\"background-color:rgba(0, 0, 0, 0)\" class=\"has-inline-color has-primary-color\">Confessions<\/mark><\/strong><\/td><td class=\"has-text-align-center\" data-align=\"center\"><strong><mark style=\"background-color:rgba(0, 0, 0, 0)\" class=\"has-inline-color has-mono-2-color\">Adoration<\/mark><\/strong><\/td><td class=\"has-text-align-center\" data-align=\"center\"><strong>Chapelet<\/strong><\/td><td class=\"has-text-align-center\" data-align=\"center\"><strong><mark style=\"background-color:rgba(0, 0, 0, 0)\" class=\"has-inline-color has-featured-color\">Liturgie des heures<\/mark><\/strong><\/td><\/tr><tr><td class=\"has-text-align-center\" data-align=\"center\"><mark style=\"background-color:rgba(0, 0, 0, 0)\" class=\"has-inline-color has-primary-color\">Mercredi apr\u00e8s la messe jusqu&rsquo;\u00e0 19h (Champhol)<br>Vendredi apr\u00e8s la messe jusqu&rsquo;\u00e0 19h30 (L\u00e8ves)<\/mark><\/td><td class=\"has-text-align-center\" data-align=\"center\"><mark style=\"background-color:rgba(0, 0, 0, 0)\" class=\"has-inline-color has-mono-2-color\">Mercredi apr\u00e8s la messe jusqu&rsquo;\u00e0 19h (Champhol)<br>Vendredi apr\u00e8s la messe jusqu&rsquo;\u00e0 19h (L\u00e8ves)<\/mark><\/td><td class=\"has-text-align-center\" data-align=\"center\">Lundi \u00e0 15h <br>(L\u00e8ves)<\/td><td class=\"has-text-align-center\" data-align=\"center\"><mark style=\"background-color:rgba(0, 0, 0, 0)\" class=\"has-inline-color has-featured-color\">Mercredi \u00e0 vendredi 8h45 (L\u00e8ves) <\/mark><\/td><\/tr><\/tbody><\/table><\/figure>\n\n\n\n<p><\/p>\n","protected":false},"excerpt":{"rendered":"<p>Permanence de Confession \u00e0 l&rsquo;\u00e9glise de L\u00e8ves le 24 d\u00e9cembre de 9h \u00e0 12h Confessions Adoration Chapelet Liturgie des heures Mercredi apr\u00e8s la messe jusqu&rsquo;\u00e0 19h (Champhol)Vendredi apr\u00e8s la messe jusqu&rsquo;\u00e0 19h30 (L\u00e8ves) Mercredi apr\u00e8s la messe jusqu&rsquo;\u00e0 19h (Champhol)Vendredi apr\u00e8s la messe jusqu&rsquo;\u00e0 19h (L\u00e8ves) Lundi \u00e0 15h (L\u00e8ves) Mercredi \u00e0 vendredi 8h45 (L\u00e8ves)<\/p>\n","protected":false},"author":2,"featured_media":0,"parent":0,"menu_order":0,"comment_status":"closed","ping_status":"closed","template":"","meta":{"iawp_total_views":6,"footnotes":""},"class_list":["post-152","page","type-page","status-publish","hentry"],"_links":{"self":[{"href":"https:\/\/stgilduin.fr\/index.php?rest_route=\/wp\/v2\/pages\/152","targetHints":{"allow":["GET"]}}],"collection":[{"href":"https:\/\/stgilduin.fr\/index.php?rest_route=\/wp\/v2\/pages"}],"about":[{"href":"https:\/\/stgilduin.fr\/index.php?rest_route=\/wp\/v2\/types\/page"}],"author":[{"embeddable":true,"href":"https:\/\/stgilduin.fr\/index.php?rest_route=\/wp\/v2\/users\/2"}],"replies":[{"embeddable":true,"href":"https:\/\/stgilduin.fr\/index.php?rest_route=%2Fwp%2Fv2%2Fcomments&post=152"}],"version-history":[{"count":13,"href":"https:\/\/stgilduin.fr\/index.php?rest_route=\/wp\/v2\/pages\/152\/revisions"}],"predecessor-version":[{"id":743,"href":"https:\/\/stgilduin.fr\/index.php?rest_route=\/wp\/v2\/pages\/152\/revisions\/743"}],"wp:attachment":[{"href":"https:\/\/stgilduin.fr\/index.php?rest_route=%2Fwp%2Fv2%2Fmedia&parent=152"}],"curies":[{"name":"wp","href":"https:\/\/api.w.org\/{rel}","templated":true}]}}