{"id":184,"date":"2025-06-17T13:05:15","date_gmt":"2025-06-17T13:05:15","guid":{"rendered":"http:\/\/91.214.191.58\/?page_id=184"},"modified":"2025-10-23T19:23:11","modified_gmt":"2025-10-23T17:23:11","slug":"pour-les-petits-4-7-ans","status":"publish","type":"page","link":"https:\/\/stgilduin.fr\/?page_id=184","title":{"rendered":"Pour les petits (4-7 ans)"},"content":{"rendered":"\n<p><\/p>\n\n\n\n<div class=\"wp-block-columns is-layout-flex wp-container-core-columns-is-layout-28f84493 wp-block-columns-is-layout-flex\">\n<div class=\"wp-block-column is-layout-flow wp-block-column-is-layout-flow\" style=\"flex-basis:66.66%\">\n<figure class=\"wp-block-gallery has-nested-images columns-default is-cropped wp-block-gallery-1 is-layout-flex wp-block-gallery-is-layout-flex\">\n<figure class=\"wp-block-image size-full\"><img loading=\"lazy\" decoding=\"async\" width=\"183\" height=\"244\" data-id=\"257\" src=\"http:\/\/91.214.191.58\/wp-content\/uploads\/2025\/06\/Capture-decran-2025-06-23-a-11.05.41.png\" alt=\"\" class=\"wp-image-257\"\/><\/figure>\n\n\n\n<figure class=\"wp-block-image size-full\"><img loading=\"lazy\" decoding=\"async\" width=\"208\" height=\"225\" data-id=\"260\" src=\"http:\/\/91.214.191.58\/wp-content\/uploads\/2025\/06\/Capture-decran-2025-06-23-a-11.15.43.png\" alt=\"\" class=\"wp-image-260\"\/><\/figure>\n\n\n\n<figure class=\"wp-block-image size-full\"><img loading=\"lazy\" decoding=\"async\" width=\"179\" height=\"245\" data-id=\"259\" src=\"http:\/\/91.214.191.58\/wp-content\/uploads\/2025\/06\/Capture-decran-2025-06-23-a-11.10.43.png\" alt=\"\" class=\"wp-image-259\"\/><\/figure>\n<\/figure>\n<\/div>\n\n\n\n<div class=\"wp-block-column is-layout-flow wp-block-column-is-layout-flow\" style=\"flex-basis:33.33%\">\n<h5 class=\"wp-block-heading\">Equipe &#8211; accompagnement des enfants (4-7 ans)<\/h5>\n\n\n\n<ul class=\"wp-block-list\">\n<li><strong>Eveil \u00e0 la foi<\/strong> : Fran\u00e7oise Michaud, Hermine de Soye, Anna Boiteux<\/li>\n\n\n\n<li><strong>Bon Berger<\/strong> : Mailys Boone, Marie-Aude Pinault<\/li>\n<\/ul>\n\n\n\n<div class=\"wp-block-buttons is-content-justification-center is-layout-flex wp-container-core-buttons-is-layout-a89b3969 wp-block-buttons-is-layout-flex\">\n<div class=\"wp-block-button\"><a class=\"wp-block-button__link has-text-align-center wp-element-button\" href=\"mailto:paroissestgilduin@gmail.com\">S&rsquo;inscrire au Bon Berger<\/a><\/div>\n<\/div>\n<\/div>\n<\/div>\n\n\n\n<blockquote class=\"wp-block-quote is-layout-flow wp-block-quote-is-layout-flow\">\n<h5 class=\"wp-block-heading\">\u00ab&nbsp;Laissez les enfants venir \u00e0 moi, ne les emp\u00eachez pas, car le royaume de Dieu est \u00e0 ceux qui leur ressemblent. \u00bb Marc 10, 13<\/h5>\n<\/blockquote>\n\n\n\n<p><\/p>\n\n\n\n<h4 class=\"wp-block-heading\"><mark style=\"background-color:rgba(0, 0, 0, 0)\" class=\"has-inline-color has-mono-2-color\"><span style=\"text-decoration: underline;\">Cat\u00e9ch\u00e8se du Bon Berger : une \u00e9cole de vie int\u00e9rieure avec Montessori<\/span><\/mark><\/h4>\n\n\n\n<div class=\"wp-block-columns is-layout-flex wp-container-core-columns-is-layout-28f84493 wp-block-columns-is-layout-flex\">\n<div class=\"wp-block-column is-layout-flow wp-block-column-is-layout-flow\" style=\"flex-basis:66.66%\">\n<figure class=\"wp-block-embed is-type-video is-provider-youtube wp-block-embed-youtube wp-embed-aspect-16-9 wp-has-aspect-ratio\"><div class=\"wp-block-embed__wrapper\">\n<iframe loading=\"lazy\" title=\"Cat\u00e9ch\u00e8se du Bon Berger - une cat\u00e9ch\u00e8se Montessori\" width=\"500\" height=\"281\" src=\"https:\/\/www.youtube.com\/embed\/hflwK-Ls6lw?feature=oembed\" frameborder=\"0\" allow=\"accelerometer; autoplay; clipboard-write; encrypted-media; gyroscope; picture-in-picture; web-share\" referrerpolicy=\"strict-origin-when-cross-origin\" allowfullscreen><\/iframe>\n<\/div><\/figure>\n<\/div>\n\n\n\n<div class=\"wp-block-column is-layout-flow wp-block-column-is-layout-flow\" style=\"flex-basis:33.33%\">\n<p>La Cat\u00e9ch\u00e8se du Bon Berger est un programme de cat\u00e9ch\u00e8se pour les enfants de 3 \u00e0 12 ans qui leur permet de vivre et de former une relation authentique avec J\u00e9sus, le Bon Berger.&nbsp;La cat\u00e9ch\u00e8se est enracin\u00e9e dans l\u2019\u00c9criture et la liturgie de l\u2019\u00c9glise et s\u2019inspire des principes d\u2019\u00e9ducation de Maria Montessori.<\/p>\n\n\n\n<p>Elle est le fruit d\u2019une longue phase d\u2019observation approfondie des enfants par Sofia Cavalletti, th\u00e9ologienne et \u00e9rudite italienne et sa collaboratrice Montessorienne, Gianna Gobbi, \u00e0 Rome.<\/p>\n<\/div>\n<\/div>\n\n\n\n<h5 class=\"wp-block-heading\">Quand ont lieu les s\u00e9ances ?<\/h5>\n\n\n\n<ul class=\"wp-block-list\">\n<li>Toutes les deux semaines les mercredi et samedi matin<\/li>\n\n\n\n<li>9h30-11h<\/li>\n<\/ul>\n\n\n\n<h5 class=\"wp-block-heading\">O\u00f9 ont lieu les s\u00e9ances ?<\/h5>\n\n\n\n<p>A la salle paroissiale de Champhol : <a href=\"https:\/\/www.google.fr\/maps\/place\/5+Rue+Michel+Dubois,+28300+Champhol\/@48.4681179,1.4993836,573m\/data=!3m2!1e3!4b1!4m6!3m5!1s0x47e40dd5765eb853:0x58a900d34ab0e795!8m2!3d48.4681144!4d1.5019585!16s%2Fg%2F11cpn6x8m4?entry=ttu&amp;g_ep=EgoyMDI1MDYxNy4wIKXMDSoASAFQAw%3D%3D\" data-type=\"link\" data-id=\"https:\/\/www.google.fr\/maps\/place\/5+Rue+Michel+Dubois,+28300+Champhol\/@48.4681179,1.4993836,573m\/data=!3m2!1e3!4b1!4m6!3m5!1s0x47e40dd5765eb853:0x58a900d34ab0e795!8m2!3d48.4681144!4d1.5019585!16s%2Fg%2F11cpn6x8m4?entry=ttu&amp;g_ep=EgoyMDI1MDYxNy4wIKXMDSoASAFQAw%3D%3D\">5 rue Michel Dubois<\/a><\/p>\n\n\n\n<p><\/p>\n\n\n\n<h4 class=\"wp-block-heading\"><mark style=\"background-color:rgba(0, 0, 0, 0)\" class=\"has-inline-color has-mono-2-color\"><span style=\"text-decoration: underline;\">Eveil \u00e0 la foi : inviter un enfant \u00e0 la d\u00e9couverte de Dieu<\/span><\/mark><\/h4>\n\n\n\n<p>C&rsquo;est le faire entrer dans une histoire, la sienne, celle de ses parents,celle d&rsquo;une communaut\u00e9.<\/p>\n\n\n\n<p>\u00c0 travers les rencontres humaines, l\u2019enfant fait sa premi\u00e8re exp\u00e9rience de Dieu car c\u2019est en \u00e9tant aim\u00e9 qu\u2019il d\u00e9couvre ce qu\u2019est l\u2019amour, en \u00e9tant pardonn\u00e9 qu\u2019il d\u00e9couvre le pardon, en voyant partager qu\u2019il d\u00e9couvre le don, en \u00e9tant respect\u00e9 dans sa libert\u00e9 naissante qu\u2019il entend l\u2019appel \u00e0 vivre et \u00e0 se construire\u2026.<\/p>\n\n\n\n<p>Un enfant ne peut \u00eatre attir\u00e9 par la recherche de Dieu que si la description&nbsp;qui lui est faite est ressentie par lui comme source de joie et d\u2019un appel \u00e0 grandir. Tout enfant baptis\u00e9 ou non sera le bienvenu !  <\/p>\n\n\n\n<p>Ce que nous vivons avec de jeunes enfants est d\u00e9j\u00e0 chemin, ouverture pour la foi.&nbsp;&nbsp;&nbsp;<\/p>\n\n\n\n<p>L\u2019\u00e9veil \u00e0 la foi est organis\u00e9 sur la paroisse pour les enfants de 4 \u00e0 7 ans (scolaris\u00e9s), au cours des messes dominicales.<\/p>\n","protected":false},"excerpt":{"rendered":"<p>Equipe &#8211; accompagnement des enfants (4-7 ans) \u00ab&nbsp;Laissez les enfants venir \u00e0 moi, ne les emp\u00eachez pas, car le royaume de Dieu est \u00e0 ceux qui leur ressemblent. \u00bb Marc 10, 13 Cat\u00e9ch\u00e8se du Bon Berger : une \u00e9cole de vie int\u00e9rieure avec Montessori La Cat\u00e9ch\u00e8se du Bon Berger est un programme de cat\u00e9ch\u00e8se pour [&hellip;]<\/p>\n","protected":false},"author":2,"featured_media":0,"parent":0,"menu_order":0,"comment_status":"closed","ping_status":"closed","template":"","meta":{"iawp_total_views":6,"footnotes":""},"class_list":["post-184","page","type-page","status-publish","hentry"],"_links":{"self":[{"href":"https:\/\/stgilduin.fr\/index.php?rest_route=\/wp\/v2\/pages\/184","targetHints":{"allow":["GET"]}}],"collection":[{"href":"https:\/\/stgilduin.fr\/index.php?rest_route=\/wp\/v2\/pages"}],"about":[{"href":"https:\/\/stgilduin.fr\/index.php?rest_route=\/wp\/v2\/types\/page"}],"author":[{"embeddable":true,"href":"https:\/\/stgilduin.fr\/index.php?rest_route=\/wp\/v2\/users\/2"}],"replies":[{"embeddable":true,"href":"https:\/\/stgilduin.fr\/index.php?rest_route=%2Fwp%2Fv2%2Fcomments&post=184"}],"version-history":[{"count":12,"href":"https:\/\/stgilduin.fr\/index.php?rest_route=\/wp\/v2\/pages\/184\/revisions"}],"predecessor-version":[{"id":692,"href":"https:\/\/stgilduin.fr\/index.php?rest_route=\/wp\/v2\/pages\/184\/revisions\/692"}],"wp:attachment":[{"href":"https:\/\/stgilduin.fr\/index.php?rest_route=%2Fwp%2Fv2%2Fmedia&parent=184"}],"curies":[{"name":"wp","href":"https:\/\/api.w.org\/{rel}","templated":true}]}}