{"id":185,"date":"2025-06-17T13:05:05","date_gmt":"2025-06-17T13:05:05","guid":{"rendered":"http:\/\/91.214.191.58\/?page_id=185"},"modified":"2025-09-11T15:20:32","modified_gmt":"2025-09-11T13:20:32","slug":"pour-les-enfants-8-12-ans","status":"publish","type":"page","link":"https:\/\/stgilduin.fr\/?page_id=185","title":{"rendered":"Pour les enfants (8-12 ans)"},"content":{"rendered":"\n<p><\/p>\n\n\n\n<div class=\"wp-block-columns is-layout-flex wp-container-core-columns-is-layout-28f84493 wp-block-columns-is-layout-flex\">\n<div class=\"wp-block-column is-layout-flow wp-block-column-is-layout-flow\" style=\"flex-basis:66.66%\">\n<figure class=\"wp-block-gallery has-nested-images columns-default is-cropped wp-block-gallery-1 is-layout-flex wp-block-gallery-is-layout-flex\">\n<figure class=\"wp-block-image size-full\"><img loading=\"lazy\" decoding=\"async\" width=\"224\" height=\"348\" data-id=\"309\" src=\"http:\/\/91.214.191.58\/wp-content\/uploads\/2025\/06\/Capture-decran-2025-06-23-a-14.01.09.png\" alt=\"\" class=\"wp-image-309\" srcset=\"https:\/\/stgilduin.fr\/wp-content\/uploads\/2025\/06\/Capture-decran-2025-06-23-a-14.01.09.png 224w, https:\/\/stgilduin.fr\/wp-content\/uploads\/2025\/06\/Capture-decran-2025-06-23-a-14.01.09-193x300.png 193w\" sizes=\"auto, (max-width: 224px) 100vw, 224px\" \/><\/figure>\n\n\n\n<figure class=\"wp-block-image size-full\"><img loading=\"lazy\" decoding=\"async\" width=\"515\" height=\"313\" data-id=\"443\" src=\"http:\/\/91.214.191.58\/wp-content\/uploads\/2025\/06\/Capture-decran-2025-06-24-a-11.15.26.png\" alt=\"\" class=\"wp-image-443\" srcset=\"https:\/\/stgilduin.fr\/wp-content\/uploads\/2025\/06\/Capture-decran-2025-06-24-a-11.15.26.png 515w, https:\/\/stgilduin.fr\/wp-content\/uploads\/2025\/06\/Capture-decran-2025-06-24-a-11.15.26-300x182.png 300w\" sizes=\"auto, (max-width: 515px) 100vw, 515px\" \/><\/figure>\n\n\n\n<figure class=\"wp-block-image size-full\"><img loading=\"lazy\" decoding=\"async\" width=\"307\" height=\"171\" data-id=\"306\" src=\"http:\/\/91.214.191.58\/wp-content\/uploads\/2025\/06\/Capture-decran-2025-06-23-a-14.11.55.png\" alt=\"\" class=\"wp-image-306\" srcset=\"https:\/\/stgilduin.fr\/wp-content\/uploads\/2025\/06\/Capture-decran-2025-06-23-a-14.11.55.png 307w, https:\/\/stgilduin.fr\/wp-content\/uploads\/2025\/06\/Capture-decran-2025-06-23-a-14.11.55-300x167.png 300w\" sizes=\"auto, (max-width: 307px) 100vw, 307px\" \/><\/figure>\n<\/figure>\n<\/div>\n\n\n\n<div class=\"wp-block-column is-layout-flow wp-block-column-is-layout-flow\" style=\"flex-basis:33.33%\">\n<h5 class=\"wp-block-heading\">Equipe &#8211; accompagnement des enfants (8-12 ans) <\/h5>\n\n\n\n<ul class=\"wp-block-list\">\n<li><strong>Lazare, Marthe et Marie<\/strong> : Sophie B\u00e9n\u00e9teau <\/li>\n\n\n\n<li><strong>Servants d&rsquo;autel<\/strong> : cur\u00e9<\/li>\n\n\n\n<li><strong>Cat\u00e9ch\u00e8se du Bon Berger <\/strong>: Maylis Boone, Marie-Aude Pinault<\/li>\n<\/ul>\n<\/div>\n<\/div>\n\n\n\n<p><\/p>\n\n\n\n<h4 class=\"wp-block-heading\"><mark style=\"background-color:rgba(0, 0, 0, 0)\" class=\"has-inline-color has-mono-2-color\"><span style=\"text-decoration: underline;\">Cat\u00e9ch\u00e8se du Bon Berger : une \u00e9cole de vie int\u00e9rieure avec Montessori<\/span><\/mark><\/h4>\n\n\n\n<div class=\"wp-block-columns is-layout-flex wp-container-core-columns-is-layout-28f84493 wp-block-columns-is-layout-flex\">\n<div class=\"wp-block-column is-layout-flow wp-block-column-is-layout-flow\" style=\"flex-basis:66.66%\">\n<figure class=\"wp-block-embed is-type-video is-provider-youtube wp-block-embed-youtube wp-embed-aspect-16-9 wp-has-aspect-ratio\"><div class=\"wp-block-embed__wrapper\">\n<iframe loading=\"lazy\" title=\"Cat\u00e9ch\u00e8se du Bon Berger - une cat\u00e9ch\u00e8se Montessori\" width=\"500\" height=\"281\" src=\"https:\/\/www.youtube.com\/embed\/hflwK-Ls6lw?feature=oembed\" frameborder=\"0\" allow=\"accelerometer; autoplay; clipboard-write; encrypted-media; gyroscope; picture-in-picture; web-share\" referrerpolicy=\"strict-origin-when-cross-origin\" allowfullscreen><\/iframe>\n<\/div><\/figure>\n<\/div>\n\n\n\n<div class=\"wp-block-column is-layout-flow wp-block-column-is-layout-flow\" style=\"flex-basis:33.33%\">\n<p>La Cat\u00e9ch\u00e8se du Bon Berger est un programme de cat\u00e9ch\u00e8se pour les enfants de 3 \u00e0 12 ans qui leur permet de vivre et de former une relation authentique avec J\u00e9sus, le Bon Berger.&nbsp;La cat\u00e9ch\u00e8se est enracin\u00e9e dans l\u2019\u00c9criture et la liturgie de l\u2019\u00c9glise et s\u2019inspire des principes d\u2019\u00e9ducation de Maria Montessori.<\/p>\n\n\n\n<p>Elle est le fruit d\u2019une longue phase d\u2019observation approfondie des enfants par Sofia Cavalletti, th\u00e9ologienne et \u00e9rudite italienne et sa collaboratrice Montessorienne, Gianna Gobbi, \u00e0 Rome.<\/p>\n<\/div>\n<\/div>\n\n\n\n<p>En bref : pr\u00e9paration aux sacrements (Bapt\u00eame et Eucharistie), d\u00e9couverte de la vie du Christ et de la Bible, initiation \u00e0 la pri\u00e8re et \u00e0 la vie liturgique<\/p>\n\n\n\n<h5 class=\"wp-block-heading\">Quand ont lieu les s\u00e9ances ?<\/h5>\n\n\n\n<ul class=\"wp-block-list\">\n<li>Toutes les deux semaines les mercredi et samedi matin<\/li>\n\n\n\n<li>9h30-11h<\/li>\n<\/ul>\n\n\n\n<h5 class=\"wp-block-heading\">O\u00f9 ont lieu les s\u00e9ances ?<\/h5>\n\n\n\n<p>A la salle paroissiale de Champhol : <a href=\"https:\/\/www.google.fr\/maps\/place\/5+Rue+Michel+Dubois,+28300+Champhol\/@48.4681179,1.4993836,573m\/data=!3m2!1e3!4b1!4m6!3m5!1s0x47e40dd5765eb853:0x58a900d34ab0e795!8m2!3d48.4681144!4d1.5019585!16s%2Fg%2F11cpn6x8m4?entry=ttu&amp;g_ep=EgoyMDI1MDYxNy4wIKXMDSoASAFQAw%3D%3D\" data-type=\"link\" data-id=\"https:\/\/www.google.fr\/maps\/place\/5+Rue+Michel+Dubois,+28300+Champhol\/@48.4681179,1.4993836,573m\/data=!3m2!1e3!4b1!4m6!3m5!1s0x47e40dd5765eb853:0x58a900d34ab0e795!8m2!3d48.4681144!4d1.5019585!16s%2Fg%2F11cpn6x8m4?entry=ttu&amp;g_ep=EgoyMDI1MDYxNy4wIKXMDSoASAFQAw%3D%3D\">5 rue Michel Dubois<\/a><\/p>\n\n\n\n<p><\/p>\n\n\n\n<p><\/p>\n\n\n\n<h3 class=\"wp-block-heading\">2. <strong>Apprendre par le service<\/strong> : approfondir la liturgie de l\u2019\u00c9glise par la pri\u00e8re et le service<\/h3>\n\n\n\n<h4 class=\"wp-block-heading\"><mark style=\"background-color:rgba(0, 0, 0, 0)\" class=\"has-inline-color has-mono-2-color\"><span style=\"text-decoration: underline;\">Les amis de J\u00e9sus, Lazare, Marthe et Marie<\/span><\/mark><\/h4>\n\n\n\n<p>C\u2019est un groupe d\u2019apprentissage de pri\u00e8re et de service pour les enfants et les jeunes gens de 7 \u00e0 14 ans. Chaque mois, ils recueillent les intentions confi\u00e9es par les paroissiens et les portes dans leurs pri\u00e8res quotidiennes. Ils se familiarisent avec les saintes \u00e9critures par l\u2019apprentissage de la lectio divina. Ils se retrouvent une fois par mois pour une r\u00e9collection le Mercredi apr\u00e8s-midi. Une progression spirituelle leur ai propos\u00e9.<\/p>\n\n\n\n<ul class=\"wp-block-list\">\n<li>Recevoir la m\u00e9daille miraculeuse avec le ruban bleu.<\/li>\n<\/ul>\n\n\n\n<ul class=\"wp-block-list\">\n<li>S\u2019engager \u00e0 la pri\u00e8re quotidienne en disant minimum un je vous salue marie<\/li>\n\n\n\n<li>Conna\u00eetre les temps liturgiques et s\u2019y pr\u00e9parer par la confession. <\/li>\n\n\n\n<li>Servir \u00e0 l\u2019\u00e9glise chaque fois que c\u2019est possible<\/li>\n<\/ul>\n\n\n\n<ul class=\"wp-block-list\">\n<li>Recevoir le scapulaire blanc de la Vierge Marie.<\/li>\n<\/ul>\n\n\n\n<ul class=\"wp-block-list\">\n<li>S\u2019engager \u00e0 dire quotidiennement la pri\u00e8re de l\u2019Ang\u00e9lus et lire la Bible ou l\u2019\u00c9vangile une fois par semaine.<\/li>\n\n\n\n<li>Conna\u00eetre les principales f\u00eates mariales et leur signification<\/li>\n\n\n\n<li>Etre autonome dans son service et le mener jusqu\u2019au bout.<\/li>\n\n\n\n<li>Recevoir le Scapulaire brun de Notre Dame du Mont Carmel<\/li>\n\n\n\n<li>S\u2019engager \u00e0 m\u00e9diter chaque jour la pri\u00e8re du chapelet.<\/li>\n\n\n\n<li>Conna\u00eetre les myst\u00e8res du Rosaire, et les dogmes de la Vierge Marie.<\/li>\n\n\n\n<li>Savoir transmettre aux autres le service de l\u2019\u00e9glise.<\/li>\n<\/ul>\n\n\n\n<p>Chaque enfant se voir proposer de faire partie d\u2019une \u00e9quipe de services&nbsp;:<\/p>\n\n\n\n<h5 class=\"wp-block-heading\"><span style=\"text-decoration: underline;\"><mark style=\"background-color:rgba(0, 0, 0, 0)\" class=\"has-inline-color has-mono-2-color\">L\u2019\u00e9quipe des ancelles : accueil, animation des champs, proclamation des lectures, pr\u00e9sentation<\/mark><\/span><\/h5>\n\n\n\n<h4 class=\"wp-block-heading\"><mark style=\"background-color:rgba(0, 0, 0, 0)\" class=\"has-inline-color has-mono-2-color\"><span style=\"text-decoration: underline;\">Servants d&rsquo;autel<\/span><\/mark><\/h4>\n\n\n\n<blockquote class=\"wp-block-quote is-layout-flow wp-block-quote-is-layout-flow\">\n<h5 class=\"wp-block-heading\"><em><strong>&nbsp;\u00ab&nbsp;C\u2019est la mission des servants d\u2019autel que de participer \u00e0 la beaut\u00e9 de nos c\u00e9l\u00e9brations.&nbsp;\u00bb<\/strong><\/em><\/h5>\n<\/blockquote>\n\n\n\n<p>Les c\u00e9r\u00e9monies liturgiques sont le soutien de la rencontre des hommes avec Dieu. Elles comportent des paroles, des gestes, des actions.&nbsp;Les servants de messe, en se mettant au service du c\u00e9l\u00e9brant, tout au long du d\u00e9roulement de la c\u00e9l\u00e9bration, contribuent \u00e0 donner cette derni\u00e8re une \u00e2me et de la beaut\u00e9.&nbsp;<\/p>\n","protected":false},"excerpt":{"rendered":"<p>Equipe &#8211; accompagnement des enfants (8-12 ans) Cat\u00e9ch\u00e8se du Bon Berger : une \u00e9cole de vie int\u00e9rieure avec Montessori La Cat\u00e9ch\u00e8se du Bon Berger est un programme de cat\u00e9ch\u00e8se pour les enfants de 3 \u00e0 12 ans qui leur permet de vivre et de former une relation authentique avec J\u00e9sus, le Bon Berger.&nbsp;La cat\u00e9ch\u00e8se est [&hellip;]<\/p>\n","protected":false},"author":2,"featured_media":0,"parent":0,"menu_order":0,"comment_status":"closed","ping_status":"closed","template":"","meta":{"iawp_total_views":3,"footnotes":""},"class_list":["post-185","page","type-page","status-publish","hentry"],"_links":{"self":[{"href":"https:\/\/stgilduin.fr\/index.php?rest_route=\/wp\/v2\/pages\/185","targetHints":{"allow":["GET"]}}],"collection":[{"href":"https:\/\/stgilduin.fr\/index.php?rest_route=\/wp\/v2\/pages"}],"about":[{"href":"https:\/\/stgilduin.fr\/index.php?rest_route=\/wp\/v2\/types\/page"}],"author":[{"embeddable":true,"href":"https:\/\/stgilduin.fr\/index.php?rest_route=\/wp\/v2\/users\/2"}],"replies":[{"embeddable":true,"href":"https:\/\/stgilduin.fr\/index.php?rest_route=%2Fwp%2Fv2%2Fcomments&post=185"}],"version-history":[{"count":18,"href":"https:\/\/stgilduin.fr\/index.php?rest_route=\/wp\/v2\/pages\/185\/revisions"}],"predecessor-version":[{"id":653,"href":"https:\/\/stgilduin.fr\/index.php?rest_route=\/wp\/v2\/pages\/185\/revisions\/653"}],"wp:attachment":[{"href":"https:\/\/stgilduin.fr\/index.php?rest_route=%2Fwp%2Fv2%2Fmedia&parent=185"}],"curies":[{"name":"wp","href":"https:\/\/api.w.org\/{rel}","templated":true}]}}