{"id":333,"date":"2025-06-23T13:41:19","date_gmt":"2025-06-23T13:41:19","guid":{"rendered":"http:\/\/91.214.191.58\/?page_id=333"},"modified":"2025-10-24T17:03:07","modified_gmt":"2025-10-24T15:03:07","slug":"convivialite","status":"publish","type":"page","link":"https:\/\/stgilduin.fr\/?page_id=333","title":{"rendered":"Convivialit\u00e9"},"content":{"rendered":"\n<p><\/p>\n\n\n\n<div class=\"wp-block-columns is-layout-flex wp-container-core-columns-is-layout-28f84493 wp-block-columns-is-layout-flex\">\n<div class=\"wp-block-column is-layout-flow wp-block-column-is-layout-flow\" style=\"flex-basis:66.66%\">\n<figure class=\"wp-block-gallery has-nested-images columns-default is-cropped wp-block-gallery-1 is-layout-flex wp-block-gallery-is-layout-flex\">\n<figure class=\"wp-block-image size-full\"><img loading=\"lazy\" decoding=\"async\" width=\"224\" height=\"150\" data-id=\"339\" src=\"http:\/\/91.214.191.58\/wp-content\/uploads\/2025\/06\/Capture-decran-2025-06-23-a-13.59.50.png\" alt=\"\" class=\"wp-image-339\"\/><\/figure>\n\n\n\n<figure class=\"wp-block-image size-full\"><img loading=\"lazy\" decoding=\"async\" width=\"393\" height=\"248\" data-id=\"340\" src=\"http:\/\/91.214.191.58\/wp-content\/uploads\/2025\/06\/Capture-decran-2025-06-23-a-15.47.19.png\" alt=\"\" class=\"wp-image-340\" srcset=\"https:\/\/stgilduin.fr\/wp-content\/uploads\/2025\/06\/Capture-decran-2025-06-23-a-15.47.19.png 393w, https:\/\/stgilduin.fr\/wp-content\/uploads\/2025\/06\/Capture-decran-2025-06-23-a-15.47.19-300x189.png 300w\" sizes=\"auto, (max-width: 393px) 100vw, 393px\" \/><\/figure>\n<\/figure>\n<\/div>\n\n\n\n<div class=\"wp-block-column is-layout-flow wp-block-column-is-layout-flow\" style=\"flex-basis:33.33%\">\n<h5 class=\"wp-block-heading\">Equipe de convivialit\u00e9 <\/h5>\n\n\n\n<ul class=\"wp-block-list\">\n<li>B\u00e9n\u00e9dicte Parnaudeau : 06 24 31 55 15 <\/li>\n\n\n\n<li>Hugo Boiteux : 06 78 22 33 34<\/li>\n<\/ul>\n\n\n\n<div class=\"wp-block-buttons is-content-justification-center is-layout-flex wp-container-core-buttons-is-layout-a89b3969 wp-block-buttons-is-layout-flex\">\n<div class=\"wp-block-button\"><a class=\"wp-block-button__link has-text-align-center wp-element-button\" href=\"hanneluc@wanadoo.fr\">les2marchand71@gmail.com<\/a><\/div>\n<\/div>\n<\/div>\n<\/div>\n\n\n\n<blockquote class=\"wp-block-quote is-layout-flow wp-block-quote-is-layout-flow\">\n<h5 class=\"wp-block-heading\">Vivre en Eglise, c&rsquo;est aussi se rencontrer, partager des temps de joie, de r\u00e9flexion, de cr\u00e9ativit\u00e9.<\/h5>\n<\/blockquote>\n\n\n\n<h5 class=\"wp-block-heading\"><mark style=\"background-color:rgba(0, 0, 0, 0)\" class=\"has-inline-color has-mono-2-color\">Les ap\u00e9ros puissance 4<\/mark><\/h5>\n\n\n\n<p>Vous connaissez les repas 4&#215;4 ? <\/p>\n\n\n\n<p>Les Ap\u00e9ros puissance 4,&nbsp;c\u2019est presque pareil mais version ap\u00e9ro. L\u2019id\u00e9e est d\u2019inviter au moins 4 personnes&nbsp;(ou couples) qui ne se connaissent pas chez soi pour un ap\u00e9ritif afin de faire connaissance et profiter de cette soir\u00e9e pour \u00e9changer sur un ou plusieurs th\u00e8mes&nbsp;(au choix et \u00e0 l\u2019initiative de l\u2019h\u00f4te). <\/p>\n\n\n\n<p>En&nbsp;retour, les invit\u00e9s s\u2019engagent \u00e0 devenir h\u00f4tes \u00e0 leur tour en organisant un autre ap\u00e9ro avec des personnes diff\u00e9rentes. <\/p>\n","protected":false},"excerpt":{"rendered":"<p>Equipe de convivialit\u00e9 Vivre en Eglise, c&rsquo;est aussi se rencontrer, partager des temps de joie, de r\u00e9flexion, de cr\u00e9ativit\u00e9. Les ap\u00e9ros puissance 4 Vous connaissez les repas 4&#215;4 ? Les Ap\u00e9ros puissance 4,&nbsp;c\u2019est presque pareil mais version ap\u00e9ro. L\u2019id\u00e9e est d\u2019inviter au moins 4 personnes&nbsp;(ou couples) qui ne se connaissent pas chez soi pour un [&hellip;]<\/p>\n","protected":false},"author":2,"featured_media":0,"parent":0,"menu_order":0,"comment_status":"closed","ping_status":"closed","template":"","meta":{"iawp_total_views":1,"footnotes":""},"class_list":["post-333","page","type-page","status-publish","hentry"],"_links":{"self":[{"href":"https:\/\/stgilduin.fr\/index.php?rest_route=\/wp\/v2\/pages\/333","targetHints":{"allow":["GET"]}}],"collection":[{"href":"https:\/\/stgilduin.fr\/index.php?rest_route=\/wp\/v2\/pages"}],"about":[{"href":"https:\/\/stgilduin.fr\/index.php?rest_route=\/wp\/v2\/types\/page"}],"author":[{"embeddable":true,"href":"https:\/\/stgilduin.fr\/index.php?rest_route=\/wp\/v2\/users\/2"}],"replies":[{"embeddable":true,"href":"https:\/\/stgilduin.fr\/index.php?rest_route=%2Fwp%2Fv2%2Fcomments&post=333"}],"version-history":[{"count":7,"href":"https:\/\/stgilduin.fr\/index.php?rest_route=\/wp\/v2\/pages\/333\/revisions"}],"predecessor-version":[{"id":708,"href":"https:\/\/stgilduin.fr\/index.php?rest_route=\/wp\/v2\/pages\/333\/revisions\/708"}],"wp:attachment":[{"href":"https:\/\/stgilduin.fr\/index.php?rest_route=%2Fwp%2Fv2%2Fmedia&parent=333"}],"curies":[{"name":"wp","href":"https:\/\/api.w.org\/{rel}","templated":true}]}}