{"id":373,"date":"2025-06-23T14:45:29","date_gmt":"2025-06-23T14:45:29","guid":{"rendered":"http:\/\/91.214.191.58\/?page_id=373"},"modified":"2025-08-23T16:10:20","modified_gmt":"2025-08-23T16:10:20","slug":"equipe-liturgie","status":"publish","type":"page","link":"https:\/\/stgilduin.fr\/?page_id=373","title":{"rendered":"\u00c9quipe liturgie"},"content":{"rendered":"\n<p><\/p>\n\n\n\n<div class=\"wp-block-columns is-layout-flex wp-container-core-columns-is-layout-28f84493 wp-block-columns-is-layout-flex\">\n<div class=\"wp-block-column is-layout-flow wp-block-column-is-layout-flow\" style=\"flex-basis:66.66%\">\n<figure class=\"wp-block-gallery has-nested-images columns-default is-cropped wp-block-gallery-1 is-layout-flex wp-block-gallery-is-layout-flex\">\n<figure class=\"wp-block-image size-full\"><img loading=\"lazy\" decoding=\"async\" width=\"360\" height=\"241\" data-id=\"368\" src=\"http:\/\/91.214.191.58\/wp-content\/uploads\/2025\/06\/Capture-decran-2025-06-23-a-16.41.43.png\" alt=\"\" class=\"wp-image-368\" srcset=\"https:\/\/stgilduin.fr\/wp-content\/uploads\/2025\/06\/Capture-decran-2025-06-23-a-16.41.43.png 360w, https:\/\/stgilduin.fr\/wp-content\/uploads\/2025\/06\/Capture-decran-2025-06-23-a-16.41.43-300x201.png 300w\" sizes=\"auto, (max-width: 360px) 100vw, 360px\" \/><\/figure>\n\n\n\n<figure class=\"wp-block-image size-full\"><img loading=\"lazy\" decoding=\"async\" width=\"512\" height=\"323\" data-id=\"449\" src=\"http:\/\/91.214.191.58\/wp-content\/uploads\/2025\/06\/Capture-decran-2025-06-24-a-11.21.47.png\" alt=\"\" class=\"wp-image-449\" srcset=\"https:\/\/stgilduin.fr\/wp-content\/uploads\/2025\/06\/Capture-decran-2025-06-24-a-11.21.47.png 512w, https:\/\/stgilduin.fr\/wp-content\/uploads\/2025\/06\/Capture-decran-2025-06-24-a-11.21.47-300x189.png 300w\" sizes=\"auto, (max-width: 512px) 100vw, 512px\" \/><\/figure>\n<\/figure>\n<\/div>\n\n\n\n<div class=\"wp-block-column is-layout-flow wp-block-column-is-layout-flow\" style=\"flex-basis:33.33%\">\n<h5 class=\"wp-block-heading\">Equipe liturgie<\/h5>\n\n\n\n<ul class=\"wp-block-list\">\n<li>Aude Goisque : 06 27 39 31 93<\/li>\n\n\n\n<li>Laurent Verdy<\/li>\n\n\n\n<li>Sophie Ben\u00e9teau<\/li>\n<\/ul>\n\n\n\n<div class=\"wp-block-buttons is-content-justification-center is-layout-flex wp-container-core-buttons-is-layout-a89b3969 wp-block-buttons-is-layout-flex\">\n<div class=\"wp-block-button\"><a class=\"wp-block-button__link has-text-align-center wp-element-button\" href=\"mailto:paroissestgilduin@gmail.com\">paroissestgilduin@gmail.com<\/a><\/div>\n<\/div>\n<\/div>\n<\/div>\n\n\n\n<blockquote class=\"wp-block-quote is-layout-flow wp-block-quote-is-layout-flow\">\n<h5 class=\"wp-block-heading\"><em>\u00ab&nbsp;La Liturgie est la rencontre de Dieu et de son peuple, pour la c\u00e9l\u00e9bration de leur alliance\u2026&nbsp;\u00bb<\/em><\/h5>\n<\/blockquote>\n\n\n\n<p>L&rsquo;\u00e9quipe d&rsquo;animation liturgique regroupe des personnes de toutes les communes de la paroisse qui acceptent de se mettre au service de l\u2019assembl\u00e9e afin de l\u2019aider \u00e0&nbsp;participer pleinement \u00e0 la pri\u00e8re liturgique.<\/p>\n\n\n\n<p>&nbsp;Il s\u2019agit de m\u00e9diter les textes du dimanche, et en fonction de ceux-ci, de choisir les chants, pr\u00e9parer la pri\u00e8re universelle.<\/p>\n\n\n\n<p>Certains membres animent les chants et accompagnent musicalement, d\u2019autres sont charg\u00e9s de pr\u00e9parer l\u2019autel et de trouver les lecteurs, de proclamer la Parole etc.<\/p>\n\n\n\n<div class=\"wp-block-buttons is-content-justification-center is-layout-flex wp-container-core-buttons-is-layout-a89b3969 wp-block-buttons-is-layout-flex\">\n<div class=\"wp-block-button\"><a class=\"wp-block-button__link wp-element-button\" href=\"mailto:paroisse.stgilduin@gmail.com?subject=Rejoindre l'\u00e9quipe liturgie\">Rejoindre l&rsquo;\u00e9quipe liturgie<\/a><\/div>\n<\/div>\n\n\n\n<p><\/p>\n","protected":false},"excerpt":{"rendered":"<p>Equipe liturgie \u00ab&nbsp;La Liturgie est la rencontre de Dieu et de son peuple, pour la c\u00e9l\u00e9bration de leur alliance\u2026&nbsp;\u00bb L&rsquo;\u00e9quipe d&rsquo;animation liturgique regroupe des personnes de toutes les communes de la paroisse qui acceptent de se mettre au service de l\u2019assembl\u00e9e afin de l\u2019aider \u00e0&nbsp;participer pleinement \u00e0 la pri\u00e8re liturgique. &nbsp;Il s\u2019agit de m\u00e9diter les [&hellip;]<\/p>\n","protected":false},"author":2,"featured_media":0,"parent":0,"menu_order":0,"comment_status":"closed","ping_status":"closed","template":"","meta":{"iawp_total_views":1,"footnotes":""},"class_list":["post-373","page","type-page","status-publish","hentry"],"_links":{"self":[{"href":"https:\/\/stgilduin.fr\/index.php?rest_route=\/wp\/v2\/pages\/373","targetHints":{"allow":["GET"]}}],"collection":[{"href":"https:\/\/stgilduin.fr\/index.php?rest_route=\/wp\/v2\/pages"}],"about":[{"href":"https:\/\/stgilduin.fr\/index.php?rest_route=\/wp\/v2\/types\/page"}],"author":[{"embeddable":true,"href":"https:\/\/stgilduin.fr\/index.php?rest_route=\/wp\/v2\/users\/2"}],"replies":[{"embeddable":true,"href":"https:\/\/stgilduin.fr\/index.php?rest_route=%2Fwp%2Fv2%2Fcomments&post=373"}],"version-history":[{"count":7,"href":"https:\/\/stgilduin.fr\/index.php?rest_route=\/wp\/v2\/pages\/373\/revisions"}],"predecessor-version":[{"id":604,"href":"https:\/\/stgilduin.fr\/index.php?rest_route=\/wp\/v2\/pages\/373\/revisions\/604"}],"wp:attachment":[{"href":"https:\/\/stgilduin.fr\/index.php?rest_route=%2Fwp%2Fv2%2Fmedia&parent=373"}],"curies":[{"name":"wp","href":"https:\/\/api.w.org\/{rel}","templated":true}]}}