{"id":396,"date":"2025-06-24T08:13:38","date_gmt":"2025-06-24T08:13:38","guid":{"rendered":"http:\/\/91.214.191.58\/?page_id=396"},"modified":"2026-05-13T11:35:24","modified_gmt":"2026-05-13T09:35:24","slug":"ledito-du-mois","status":"publish","type":"page","link":"https:\/\/stgilduin.fr\/?page_id=396","title":{"rendered":"Actualit\u00e9s"},"content":{"rendered":"\n<h4 class=\"wp-block-heading\">LE PETIT GILDUIN &#8211; le bi-mensuel de la paroisse<\/h4>\n\n\n\n<div data-wp-interactive=\"core\/file\" class=\"wp-block-file alignfull\"><object data-wp-bind--hidden=\"!state.hasPdfPreview\" hidden class=\"wp-block-file__embed\" data=\"https:\/\/stgilduin.fr\/wp-content\/uploads\/2026\/05\/Le_petit_Gilduin_mai_juin_2026.pdf\" type=\"application\/pdf\" style=\"width:100%;height:600px\" aria-label=\"Contenu embarqu\u00e9 Le_petit_Gilduin_mai_juin_2026.\"><\/object><a id=\"wp-block-file--media-8f6bc2b9-0c8e-4e03-8ba3-64987443fc89\" href=\"https:\/\/stgilduin.fr\/wp-content\/uploads\/2026\/05\/Le_petit_Gilduin_mai_juin_2026.pdf\">Le_petit_Gilduin_mai_juin_2026<\/a><a href=\"https:\/\/stgilduin.fr\/wp-content\/uploads\/2026\/05\/Le_petit_Gilduin_mai_juin_2026.pdf\" class=\"wp-block-file__button wp-element-button\" download aria-describedby=\"wp-block-file--media-8f6bc2b9-0c8e-4e03-8ba3-64987443fc89\">T\u00e9l\u00e9charger<\/a><\/div>\n\n\n\n<figure class=\"wp-block-image aligncenter size-large is-resized\"><img loading=\"lazy\" decoding=\"async\" width=\"724\" height=\"1024\" src=\"https:\/\/stgilduin.fr\/wp-content\/uploads\/2026\/05\/forum-des-services-724x1024.jpg\" alt=\"\" class=\"wp-image-819\" style=\"aspect-ratio:0.707038354007763;width:454px;height:auto\" srcset=\"https:\/\/stgilduin.fr\/wp-content\/uploads\/2026\/05\/forum-des-services-724x1024.jpg 724w, https:\/\/stgilduin.fr\/wp-content\/uploads\/2026\/05\/forum-des-services-212x300.jpg 212w, https:\/\/stgilduin.fr\/wp-content\/uploads\/2026\/05\/forum-des-services-768x1086.jpg 768w, https:\/\/stgilduin.fr\/wp-content\/uploads\/2026\/05\/forum-des-services-1086x1536.jpg 1086w, https:\/\/stgilduin.fr\/wp-content\/uploads\/2026\/05\/forum-des-services.jpg 1414w\" sizes=\"auto, (max-width: 724px) 100vw, 724px\" \/><\/figure>\n\n\n\n<h2 class=\"wp-block-heading\">Le Rosaire vivant 8\u00e8me \u00e9dition<\/h2>\n\n\n\n<p class=\"has-text-align-center\"><br>Prier avec la paroisse en communion fraternelle Je vous propose, pour le Mois de Marie, de prier ensemble le Rosaire en se r\u00e9partissant chaque jour les 20 Myst\u00e8res (= \u00e9pisodes de la vie de J\u00e9sus). Cela permet, avec l\u2019aide de la Vierge Marie, d\u2019aller plus loin \u00e0 la rencontre de son Fils J\u00e9sus. S\u2019inscrire, c\u2019est s\u2019engager \u00e0 dire chaque jour (quand on veut, o\u00f9 on veut, seul ou en famille \u2026 ) un \u00ab Notre P\u00e8re \u00bb et 10 \u00ab Je vous salue \u2026 \u00bb en m\u00e9ditant le Myst\u00e8re qui nous est confi\u00e9 \u2013 un Myst\u00e8re diff\u00e9rent chaque jour. <\/p>\n\n\n\n<p class=\"has-text-align-center\">Un livret d\u2019accompagnement vous est fourni, avec des m\u00e9ditations de<br>Saint Jean-Paul II, ainsi que ses clausules pour rompre la monotonie<br>apparente des 10 \u00ab Je vous salue \u2026 \u00bb.<br>Un livret \u00ab sp\u00e9cial jeune \u00bb est aussi disponible cette ann\u00e9e.<br>On peut prier le Rosaire \u00e0 tout \u00e2ge ! (168 priants de 5 \u00e0 92 ans en octobre dernier).<br>Pour s\u2019inscrire et recevoir les livrets :<br><\/p>\n\n\n\n<p class=\"has-text-align-center\"><\/p>\n\n\n\n<div class=\"wp-block-buttons is-layout-flex wp-block-buttons-is-layout-flex\">\n<div class=\"wp-block-button\"><a class=\"wp-block-button__link wp-element-button\" href=\"https:\/\/public.enoria.app\/pubinsc\/gp\/0836ecbc7569fc6\/open?display=iframe\">Inscriptions<\/a><\/div>\n<\/div>\n\n\n\n<p class=\"has-text-align-center\"><br><\/p>\n\n\n\n<p class=\"has-text-align-center\">Renseignements : sophie.beneteau@free.fr \/\/ 06 52 72 93 95<br>(Inscriptions possibles jusqu\u2019au 30 mai !)<br><\/p>\n\n\n\n<div class=\"wp-block-columns is-layout-flex wp-container-core-columns-is-layout-28f84493 wp-block-columns-is-layout-flex\">\n<div class=\"wp-block-column is-layout-flow wp-block-column-is-layout-flow\" style=\"flex-basis:100%\">\n<figure class=\"wp-block-image size-large\"><img decoding=\"async\" src=\"https:\/\/www.opm-france.org\/app\/uploads\/2026\/03\/modele-format-article-site-300-x-160-mm-4.png\" alt=\"\"\/><\/figure>\n<\/div>\n<\/div>\n\n\n\n<p>A noter : F\u00eate de cl\u00f4ture le dimanche 31 mai :<br>9h50 : chapelet dans l\u2019\u00e9glise de L\u00e8ves<br>10h30 : messe<br>11h45 : ap\u00e9ritif<br>Un des t\u00e9moignages re\u00e7u suite au Rosaire Vivant d\u2019Octobre<br>2025 :<br>\u00ab Je n\u2019avais jamais pri\u00e9 le chapelet, je ne connaissais pas du tout.<br>Mais c\u2019est tr\u00e8s simple de dire 10 je vous salue. Les textes du livret<br>aident bien. Le Rosaire Vivant m\u2019a appris une fa\u00e7on de prier et aid\u00e9e<br>\u00e0 prier. \u00bb<\/p>\n","protected":false},"excerpt":{"rendered":"<p>LE PETIT GILDUIN &#8211; le bi-mensuel de la paroisse Le Rosaire vivant 8\u00e8me \u00e9dition Prier avec la paroisse en communion fraternelle Je vous propose, pour le Mois de Marie, de prier ensemble le Rosaire en se r\u00e9partissant chaque jour les 20 Myst\u00e8res (= \u00e9pisodes de la vie de J\u00e9sus). Cela permet, avec l\u2019aide de la [&hellip;]<\/p>\n","protected":false},"author":2,"featured_media":0,"parent":0,"menu_order":0,"comment_status":"closed","ping_status":"closed","template":"","meta":{"iawp_total_views":47,"footnotes":""},"class_list":["post-396","page","type-page","status-publish","hentry"],"_links":{"self":[{"href":"https:\/\/stgilduin.fr\/index.php?rest_route=\/wp\/v2\/pages\/396","targetHints":{"allow":["GET"]}}],"collection":[{"href":"https:\/\/stgilduin.fr\/index.php?rest_route=\/wp\/v2\/pages"}],"about":[{"href":"https:\/\/stgilduin.fr\/index.php?rest_route=\/wp\/v2\/types\/page"}],"author":[{"embeddable":true,"href":"https:\/\/stgilduin.fr\/index.php?rest_route=\/wp\/v2\/users\/2"}],"replies":[{"embeddable":true,"href":"https:\/\/stgilduin.fr\/index.php?rest_route=%2Fwp%2Fv2%2Fcomments&post=396"}],"version-history":[{"count":37,"href":"https:\/\/stgilduin.fr\/index.php?rest_route=\/wp\/v2\/pages\/396\/revisions"}],"predecessor-version":[{"id":823,"href":"https:\/\/stgilduin.fr\/index.php?rest_route=\/wp\/v2\/pages\/396\/revisions\/823"}],"wp:attachment":[{"href":"https:\/\/stgilduin.fr\/index.php?rest_route=%2Fwp%2Fv2%2Fmedia&parent=396"}],"curies":[{"name":"wp","href":"https:\/\/api.w.org\/{rel}","templated":true}]}}