{"id":543,"date":"2025-06-26T09:54:24","date_gmt":"2025-06-26T09:54:24","guid":{"rendered":"http:\/\/91.214.191.58\/?page_id=543"},"modified":"2026-01-20T19:20:33","modified_gmt":"2026-01-20T17:20:33","slug":"eglise-saint-gregoire-a-gasville-oiseme","status":"publish","type":"page","link":"https:\/\/stgilduin.fr\/?page_id=543","title":{"rendered":"Eglise saint gr\u00e9goire \u00e0 gasville-ois\u00e8me"},"content":{"rendered":"\n<div class=\"wp-block-columns is-layout-flex wp-container-core-columns-is-layout-28f84493 wp-block-columns-is-layout-flex\">\n<div class=\"wp-block-column is-layout-flow wp-block-column-is-layout-flow\" style=\"flex-basis:66.66%\">\n<figure class=\"wp-block-image size-full\"><img loading=\"lazy\" decoding=\"async\" width=\"620\" height=\"503\" src=\"http:\/\/91.214.191.58\/wp-content\/uploads\/2025\/06\/Capture-decran-2025-06-26-a-12.14.07.png\" alt=\"\" class=\"wp-image-562\" srcset=\"https:\/\/stgilduin.fr\/wp-content\/uploads\/2025\/06\/Capture-decran-2025-06-26-a-12.14.07.png 620w, https:\/\/stgilduin.fr\/wp-content\/uploads\/2025\/06\/Capture-decran-2025-06-26-a-12.14.07-300x243.png 300w\" sizes=\"auto, (max-width: 620px) 100vw, 620px\" \/><\/figure>\n<\/div>\n\n\n\n<div class=\"wp-block-column is-layout-flow wp-block-column-is-layout-flow\" style=\"flex-basis:33.33%\">\n<h5 class=\"wp-block-heading\"><mark style=\"background-color:rgba(0, 0, 0, 0)\" class=\"has-inline-color has-featured-color\">Adresse : 6 ruelle de l&rsquo;Eglise &#8211;  28300 Gasville-Ois\u00e8me <\/mark><\/h5>\n<\/div>\n<\/div>\n\n\n\n<div class=\"wp-block-buttons is-layout-flex wp-block-buttons-is-layout-flex\">\n<div class=\"wp-block-button\"><a class=\"wp-block-button__link wp-element-button\" href=\"https:\/\/gasville-oiseme.fr\/histoire-de-la-commune\/\">Acc\u00e9der \u00e0 la fiche historique<\/a><\/div>\n<\/div>\n\n\n\n<p>Messe les Samedis de Septembre et d&rsquo;octobre \u00e0 18h <\/p>\n\n\n\n<p>Le 31 octobre \u00e0 18h30 (messe de la Toussaint)<\/p>\n","protected":false},"excerpt":{"rendered":"<p>Adresse : 6 ruelle de l&rsquo;Eglise &#8211; 28300 Gasville-Ois\u00e8me Messe les Samedis de Septembre et d&rsquo;octobre \u00e0 18h Le 31 octobre \u00e0 18h30 (messe de la Toussaint)<\/p>\n","protected":false},"author":2,"featured_media":0,"parent":0,"menu_order":0,"comment_status":"closed","ping_status":"closed","template":"","meta":{"iawp_total_views":0,"footnotes":""},"class_list":["post-543","page","type-page","status-publish","hentry"],"_links":{"self":[{"href":"https:\/\/stgilduin.fr\/index.php?rest_route=\/wp\/v2\/pages\/543","targetHints":{"allow":["GET"]}}],"collection":[{"href":"https:\/\/stgilduin.fr\/index.php?rest_route=\/wp\/v2\/pages"}],"about":[{"href":"https:\/\/stgilduin.fr\/index.php?rest_route=\/wp\/v2\/types\/page"}],"author":[{"embeddable":true,"href":"https:\/\/stgilduin.fr\/index.php?rest_route=\/wp\/v2\/users\/2"}],"replies":[{"embeddable":true,"href":"https:\/\/stgilduin.fr\/index.php?rest_route=%2Fwp%2Fv2%2Fcomments&post=543"}],"version-history":[{"count":3,"href":"https:\/\/stgilduin.fr\/index.php?rest_route=\/wp\/v2\/pages\/543\/revisions"}],"predecessor-version":[{"id":753,"href":"https:\/\/stgilduin.fr\/index.php?rest_route=\/wp\/v2\/pages\/543\/revisions\/753"}],"wp:attachment":[{"href":"https:\/\/stgilduin.fr\/index.php?rest_route=%2Fwp%2Fv2%2Fmedia&parent=543"}],"curies":[{"name":"wp","href":"https:\/\/api.w.org\/{rel}","templated":true}]}}