{"id":545,"date":"2025-06-26T09:54:42","date_gmt":"2025-06-26T09:54:42","guid":{"rendered":"http:\/\/91.214.191.58\/?page_id=545"},"modified":"2026-01-20T19:22:28","modified_gmt":"2026-01-20T17:22:28","slug":"eglise-saint-lazare-de-leves","status":"publish","type":"page","link":"https:\/\/stgilduin.fr\/?page_id=545","title":{"rendered":"\u00e9glise saint lazare de l\u00e8ves"},"content":{"rendered":"\n<div class=\"wp-block-columns is-layout-flex wp-container-core-columns-is-layout-28f84493 wp-block-columns-is-layout-flex\">\n<div class=\"wp-block-column is-layout-flow wp-block-column-is-layout-flow\" style=\"flex-basis:66.66%\">\n<figure class=\"wp-block-image size-full\"><img loading=\"lazy\" decoding=\"async\" width=\"223\" height=\"144\" src=\"http:\/\/91.214.191.58\/wp-content\/uploads\/2025\/06\/Capture-decran-2025-06-26-a-12.01.01.png\" alt=\"\" class=\"wp-image-554\"\/><\/figure>\n<\/div>\n\n\n\n<div class=\"wp-block-column is-layout-flow wp-block-column-is-layout-flow\" style=\"flex-basis:33.33%\">\n<h5 class=\"wp-block-heading\"><mark style=\"background-color:rgba(0, 0, 0, 0)\" class=\"has-inline-color has-featured-color\">Adresse : <\/mark>Rue des Grands Pr\u00e9s &#8211; 28300 L\u00e8ves<\/h5>\n\n\n\n<h5 class=\"wp-block-heading\"><mark style=\"background-color:rgba(0, 0, 0, 0)\" class=\"has-inline-color has-primary-color\">Horaires d&rsquo;ouverture : tous les jours de 9h \u00e0 18h<\/mark><\/h5>\n\n\n\n<h5 class=\"wp-block-heading\"><mark style=\"background-color:rgba(0, 0, 0, 0)\" class=\"has-inline-color has-mono-2-color\"><span style=\"text-decoration: underline;\">Messes<\/span><\/mark><\/h5>\n\n\n\n<ul class=\"wp-block-list\">\n<li>10h30 le dimanche ( sauf l&rsquo;hiver et en l&rsquo;\u00e9t\u00e9)<\/li>\n\n\n\n<li>8h30  le Mardi<\/li>\n\n\n\n<li>18h00 le vendredi (suivie de l&rsquo;adoration)<\/li>\n<\/ul>\n<\/div>\n<\/div>\n\n\n\n<div class=\"wp-block-buttons is-layout-flex wp-block-buttons-is-layout-flex\">\n<div class=\"wp-block-button\"><a class=\"wp-block-button__link wp-element-button\" href=\"https:\/\/www.eglises-ouvertes-eure-et-loir.fr\/wp-content\/uploads\/2023\/10\/FICHE-EGLISE-DE-LEVES-POUR-ASSOCIATION-2-pour-imprim.pdf\">Acc\u00e9der \u00e0 la fiche historique<\/a><\/div>\n<\/div>\n\n\n\n<p><\/p>\n","protected":false},"excerpt":{"rendered":"<p>Adresse : Rue des Grands Pr\u00e9s &#8211; 28300 L\u00e8ves Horaires d&rsquo;ouverture : tous les jours de 9h \u00e0 18h Messes<\/p>\n","protected":false},"author":2,"featured_media":0,"parent":0,"menu_order":0,"comment_status":"closed","ping_status":"closed","template":"","meta":{"iawp_total_views":3,"footnotes":""},"class_list":["post-545","page","type-page","status-publish","hentry"],"_links":{"self":[{"href":"https:\/\/stgilduin.fr\/index.php?rest_route=\/wp\/v2\/pages\/545","targetHints":{"allow":["GET"]}}],"collection":[{"href":"https:\/\/stgilduin.fr\/index.php?rest_route=\/wp\/v2\/pages"}],"about":[{"href":"https:\/\/stgilduin.fr\/index.php?rest_route=\/wp\/v2\/types\/page"}],"author":[{"embeddable":true,"href":"https:\/\/stgilduin.fr\/index.php?rest_route=\/wp\/v2\/users\/2"}],"replies":[{"embeddable":true,"href":"https:\/\/stgilduin.fr\/index.php?rest_route=%2Fwp%2Fv2%2Fcomments&post=545"}],"version-history":[{"count":8,"href":"https:\/\/stgilduin.fr\/index.php?rest_route=\/wp\/v2\/pages\/545\/revisions"}],"predecessor-version":[{"id":755,"href":"https:\/\/stgilduin.fr\/index.php?rest_route=\/wp\/v2\/pages\/545\/revisions\/755"}],"wp:attachment":[{"href":"https:\/\/stgilduin.fr\/index.php?rest_route=%2Fwp%2Fv2%2Fmedia&parent=545"}],"curies":[{"name":"wp","href":"https:\/\/api.w.org\/{rel}","templated":true}]}}