{"id":547,"date":"2025-06-26T09:55:05","date_gmt":"2025-06-26T09:55:05","guid":{"rendered":"http:\/\/91.214.191.58\/?page_id=547"},"modified":"2025-06-26T10:25:26","modified_gmt":"2025-06-26T10:25:26","slug":"eglise-saint-prest-a-saint-prest","status":"publish","type":"page","link":"https:\/\/stgilduin.fr\/?page_id=547","title":{"rendered":"\u00e9glise saint-prest \u00e0 saint-prest"},"content":{"rendered":"\n<div class=\"wp-block-columns is-layout-flex wp-container-core-columns-is-layout-28f84493 wp-block-columns-is-layout-flex\">\n<div class=\"wp-block-column is-layout-flow wp-block-column-is-layout-flow\" style=\"flex-basis:66.66%\">\n<figure class=\"wp-block-image size-full\"><img loading=\"lazy\" decoding=\"async\" width=\"171\" height=\"204\" src=\"http:\/\/91.214.191.58\/wp-content\/uploads\/2025\/06\/Capture-decran-2025-06-26-a-12.16.13.png\" alt=\"\" class=\"wp-image-565\"\/><\/figure>\n<\/div>\n\n\n\n<div class=\"wp-block-column is-layout-flow wp-block-column-is-layout-flow\" style=\"flex-basis:33.33%\">\n<h5 class=\"wp-block-heading\"><mark style=\"background-color:rgba(0, 0, 0, 0)\" class=\"has-inline-color has-primary-color\">Adresse : 76-78 Rue de la R\u00e9publique &#8211; 28300 Saint-Prest<\/mark><\/h5>\n\n\n\n<h5 class=\"wp-block-heading\">Horaires d&rsquo;ouverture : pendant les messes<\/h5>\n\n\n\n<h5 class=\"wp-block-heading\"><span style=\"text-decoration: underline;\"><mark style=\"background-color:rgba(0, 0, 0, 0)\" class=\"has-inline-color has-mono-2-color\"><mark style=\"background-color:rgba(0, 0, 0, 0)\" class=\"has-inline-color has-mono-2-color\"><span style=\"text-decoration: underline;\">Messes<\/span><\/mark><\/mark><\/span><\/h5>\n\n\n\n<ul class=\"wp-block-list\">\n<li>Dimanche : 10h30 de No\u00ebl \u00e0 f\u00e9vrier <\/li>\n\n\n\n<li>Dimanche : 10h30 en juillet et ao\u00fbt <\/li>\n<\/ul>\n\n\n\n<p><\/p>\n<\/div>\n<\/div>\n\n\n\n<div class=\"wp-block-buttons is-layout-flex wp-block-buttons-is-layout-flex\">\n<div class=\"wp-block-button\"><a class=\"wp-block-button__link wp-element-button\" href=\"https:\/\/www.eglises-ouvertes-eure-et-loir.fr\/wp-content\/uploads\/2023\/01\/eglise-saint-prest-saint-prest.pdf\">Acc\u00e9der \u00e0 la fiche historique<\/a><\/div>\n<\/div>\n\n\n\n<p><\/p>\n","protected":false},"excerpt":{"rendered":"<p>Adresse : 76-78 Rue de la R\u00e9publique &#8211; 28300 Saint-Prest Horaires d&rsquo;ouverture : pendant les messes Messes<\/p>\n","protected":false},"author":2,"featured_media":0,"parent":0,"menu_order":0,"comment_status":"closed","ping_status":"closed","template":"","meta":{"iawp_total_views":2,"footnotes":""},"class_list":["post-547","page","type-page","status-publish","hentry"],"_links":{"self":[{"href":"https:\/\/stgilduin.fr\/index.php?rest_route=\/wp\/v2\/pages\/547","targetHints":{"allow":["GET"]}}],"collection":[{"href":"https:\/\/stgilduin.fr\/index.php?rest_route=\/wp\/v2\/pages"}],"about":[{"href":"https:\/\/stgilduin.fr\/index.php?rest_route=\/wp\/v2\/types\/page"}],"author":[{"embeddable":true,"href":"https:\/\/stgilduin.fr\/index.php?rest_route=\/wp\/v2\/users\/2"}],"replies":[{"embeddable":true,"href":"https:\/\/stgilduin.fr\/index.php?rest_route=%2Fwp%2Fv2%2Fcomments&post=547"}],"version-history":[{"count":4,"href":"https:\/\/stgilduin.fr\/index.php?rest_route=\/wp\/v2\/pages\/547\/revisions"}],"predecessor-version":[{"id":574,"href":"https:\/\/stgilduin.fr\/index.php?rest_route=\/wp\/v2\/pages\/547\/revisions\/574"}],"wp:attachment":[{"href":"https:\/\/stgilduin.fr\/index.php?rest_route=%2Fwp%2Fv2%2Fmedia&parent=547"}],"curies":[{"name":"wp","href":"https:\/\/api.w.org\/{rel}","templated":true}]}}