{"id":58,"date":"2025-06-05T13:31:08","date_gmt":"2025-06-05T13:31:08","guid":{"rendered":"http:\/\/91.214.191.58\/?page_id=58"},"modified":"2026-04-22T10:29:30","modified_gmt":"2026-04-22T08:29:30","slug":"bapteme","status":"publish","type":"page","link":"https:\/\/stgilduin.fr\/?page_id=58","title":{"rendered":"Recevoir le Bapt\u00eame"},"content":{"rendered":"\n<div class=\"wp-block-columns is-layout-flex wp-container-core-columns-is-layout-28f84493 wp-block-columns-is-layout-flex\">\n<div class=\"wp-block-column is-layout-flow wp-block-column-is-layout-flow\" style=\"flex-basis:66.66%\">\n<figure class=\"wp-block-embed is-type-video is-provider-youtube wp-block-embed-youtube wp-embed-aspect-16-9 wp-has-aspect-ratio\"><div class=\"wp-block-embed__wrapper\">\n<iframe loading=\"lazy\" title=\"3MC - 3 Minute Catechism - 36 - C\u2019est quoi, le bapt\u00eame ?\" width=\"500\" height=\"281\" src=\"https:\/\/www.youtube.com\/embed\/_91QrjaTkN8?feature=oembed\" frameborder=\"0\" allow=\"accelerometer; autoplay; clipboard-write; encrypted-media; gyroscope; picture-in-picture; web-share\" referrerpolicy=\"strict-origin-when-cross-origin\" allowfullscreen><\/iframe>\n<\/div><\/figure>\n<\/div>\n\n\n\n<div class=\"wp-block-column is-layout-flow wp-block-column-is-layout-flow\" style=\"flex-basis:33.33%\">\n<h5 class=\"wp-block-heading\"><strong>\u00c9quipe de pr\u00e9paration au Bapt\u00eame&nbsp;<\/strong><\/h5>\n\n\n\n<ul class=\"wp-block-list\">\n<li>Abb\u00e9 Christophe Besnier<\/li>\n<\/ul>\n\n\n\n<div class=\"wp-block-buttons is-content-justification-center is-layout-flex wp-container-core-buttons-is-layout-a89b3969 wp-block-buttons-is-layout-flex\">\n<div class=\"wp-block-button\"><a class=\"wp-block-button__link has-text-align-center wp-element-button\" href=\"https:\/\/public.enoria.app\/pubinsc\/baptemes\/844\/NDkzMTE4Mjg0MTA?display=iframe&quot;\" target=\"_blank\" rel=\"noreferrer noopener\">S&rsquo;inscrire<\/a><\/div>\n<\/div>\n<\/div>\n<\/div>\n\n\n\n<h5 class=\"wp-block-heading\"><strong><em>Vous avez choisi de faire baptiser votre enfant et le faire entrer<\/em><\/strong> <strong><em>ainsi dans la communaut\u00e9 chr\u00e9tienne des enfants de Dieu<\/em><\/strong><\/h5>\n\n\n\n<ul class=\"wp-block-list\">\n<li><em><strong>Comment cela va-t-il se passer&nbsp;?<\/strong><\/em><\/li>\n<\/ul>\n\n\n\n<p>Inscrivez votre demande sur le bouton en haut \u00e0 droite en remplissant tous les renseignements d&rsquo;\u00e9tat civil et religieux.<\/p>\n\n\n\n<p>Vous indiquez une date de bapt\u00eame sachant que les c\u00e9l\u00e9brations ont lieu le samedi \u00e0 16h ou le dimanche \u00e0 12h<\/p>\n\n\n\n<p>Ensuite <strong>deux rencontres<\/strong> collectives  de pr\u00e9paration du bapt\u00eame anim\u00e9e par l\u2019\u00e9quipe paroissiale charg\u00e9e de la pr\u00e9paration au bapt\u00eame. Ce sera le moment d\u2019\u00e9changer vos motivations, d\u00e9couvrir ou re-d\u00e9couvrir les symboles li\u00e9s au sacrement de bapt\u00eame, r\u00e9fl\u00e9chir \u00e0 votre responsabilit\u00e9 de parents pour \u00e9veiller votre enfant \u00e0 la vie chr\u00e9tienne. Au milieu de ses dates, il y a la pr\u00e9sentation \u00e0 la communaut\u00e9 au cours de la messe dominicale.<\/p>\n\n\n\n<p><strong>Un rendez-vous<\/strong>\u00a0(pris \u00e0 l\u2019issue de la 2\u00e8me rencontre collective)<\/p>\n\n\n\n<p>La pr\u00e9paration de la c\u00e9l\u00e9bration avec un membre de l\u2019\u00e9quipe de pr\u00e9paration. Un livret vous sera remis au terme de la 2\u00e8me rencontre collective pour vous aider<\/p>\n\n\n\n<p>Enfin la c\u00e9l\u00e9bration du bapt\u00eame avec vos familles et amis.<\/p>\n\n\n\n<p><\/p>\n\n\n\n<h5 class=\"wp-block-heading\"><em><strong>Renseignements pratiques&nbsp;<\/strong><\/em><\/h5>\n\n\n\n<ul class=\"wp-block-list\">\n<li><strong>Le parrain et\/ou la marraine<\/strong>&nbsp;:<\/li>\n<\/ul>\n\n\n\n<p>Pour accompagner l&rsquo;enfant dans sa vie chr\u00e9tienne l&rsquo;Eglise demande qu&rsquo;il soit accompagn\u00e9 par un parrain et\/ou une marraine, que ceux-ci soient baptis\u00e9s et aient plus de 17 ans; la date et le lieu de leur bapt\u00eame sont n\u00e9cessaires pour renseigner les r\u00e9gistres.<\/p>\n\n\n\n<ul class=\"wp-block-list\">\n<li><strong>Les&nbsp;rencontres collectives :&nbsp;<\/strong><\/li>\n<\/ul>\n\n\n\n<p>Elles ont lieu de 20h30 \u00e0 22h au centre paroissial St-Gilduin \u00e0 L\u00e8ves selon un calendrier (nous consulter) d\u00e9fini pour l\u2019ensemble de la paroisse.<\/p>\n\n\n\n<ul class=\"wp-block-list\">\n<li><strong>La participation financi\u00e8re&nbsp;:<\/strong><\/li>\n<\/ul>\n\n\n\n<p>L\u2019\u00c9glise Catholique ne vit que gr\u00e2ce aux dons de ses fid\u00e8les. Donner \u00e0 l&rsquo;occasion de la c\u00e9l\u00e9bration d&rsquo;un sacrement (casuel)est un geste de solidarit\u00e9 envers la communaut\u00e9 chr\u00e9tienne. A titre indicatif nous proposons un don de l&rsquo;ordre de 80 \u00e0 150 \u20ac. <\/p>\n\n\n\n<p><em>\u00c0 remettre lors de la rencontre collective. R\u00e8glement par ch\u00e8que \u00e0 l\u2019ordre de \u00ab&nbsp;paroisse St-Gilduin&nbsp;\u00bb. &nbsp;<\/em><\/p>\n\n\n\n<h5 class=\"wp-block-heading\"><strong>Les bapt\u00eames d\u2019adultes et d\u2019adolescents&nbsp;<\/strong><\/h5>\n\n\n\n<p>Les adultes, les adolescents qui d\u00e9sirent recevoir le bapt\u00eame suivent un temps de pr\u00e9paration de plusieurs mois.&nbsp; Cette d\u00e9marche de pr\u00e9paration s\u2019appelle le&nbsp;<strong>cat\u00e9chum\u00e9nat<\/strong>.<\/p>\n\n\n\n<p>Pendant ce cheminement, le cat\u00e9chum\u00e8ne va d\u00e9couvrir l\u2019enseignement de J\u00e9sus, la relation \u00e0 Dieu dans la pri\u00e8re, la vie en \u00c9glise.<\/p>\n\n\n\n<p>Les cat\u00e9chum\u00e8nes adolescents sont accompagn\u00e9s par Mme Marie-Laurence Ceindrial et Mme B\u00e9n\u00e9dicte Parneaudeau tandis que les adultes sont suivis par Mme Marie-France Chantraine.<\/p>\n\n\n\n<p><\/p>\n","protected":false},"excerpt":{"rendered":"<p>\u00c9quipe de pr\u00e9paration au Bapt\u00eame&nbsp; Vous avez choisi de faire baptiser votre enfant et le faire entrer ainsi dans la communaut\u00e9 chr\u00e9tienne des enfants de Dieu Inscrivez votre demande sur le bouton en haut \u00e0 droite en remplissant tous les renseignements d&rsquo;\u00e9tat civil et religieux. Vous indiquez une date de bapt\u00eame sachant que les c\u00e9l\u00e9brations [&hellip;]<\/p>\n","protected":false},"author":2,"featured_media":0,"parent":0,"menu_order":0,"comment_status":"closed","ping_status":"closed","template":"","meta":{"iawp_total_views":16,"footnotes":""},"class_list":["post-58","page","type-page","status-publish","hentry"],"_links":{"self":[{"href":"https:\/\/stgilduin.fr\/index.php?rest_route=\/wp\/v2\/pages\/58","targetHints":{"allow":["GET"]}}],"collection":[{"href":"https:\/\/stgilduin.fr\/index.php?rest_route=\/wp\/v2\/pages"}],"about":[{"href":"https:\/\/stgilduin.fr\/index.php?rest_route=\/wp\/v2\/types\/page"}],"author":[{"embeddable":true,"href":"https:\/\/stgilduin.fr\/index.php?rest_route=\/wp\/v2\/users\/2"}],"replies":[{"embeddable":true,"href":"https:\/\/stgilduin.fr\/index.php?rest_route=%2Fwp%2Fv2%2Fcomments&post=58"}],"version-history":[{"count":16,"href":"https:\/\/stgilduin.fr\/index.php?rest_route=\/wp\/v2\/pages\/58\/revisions"}],"predecessor-version":[{"id":798,"href":"https:\/\/stgilduin.fr\/index.php?rest_route=\/wp\/v2\/pages\/58\/revisions\/798"}],"wp:attachment":[{"href":"https:\/\/stgilduin.fr\/index.php?rest_route=%2Fwp%2Fv2%2Fmedia&parent=58"}],"curies":[{"name":"wp","href":"https:\/\/api.w.org\/{rel}","templated":true}]}}