{"id":60,"date":"2025-06-17T11:33:10","date_gmt":"2025-06-17T11:33:10","guid":{"rendered":"http:\/\/91.214.191.58\/?page_id=60"},"modified":"2026-02-20T17:01:19","modified_gmt":"2026-02-20T15:01:19","slug":"confirmation","status":"publish","type":"page","link":"https:\/\/stgilduin.fr\/?page_id=60","title":{"rendered":"La Confirmation, une force pour aller plus loin !"},"content":{"rendered":"\n<div class=\"wp-block-columns is-layout-flex wp-container-core-columns-is-layout-28f84493 wp-block-columns-is-layout-flex\">\n<div class=\"wp-block-column is-layout-flow wp-block-column-is-layout-flow\" style=\"flex-basis:66.66%\">\n<figure class=\"wp-block-embed is-type-video is-provider-youtube wp-block-embed-youtube wp-embed-aspect-16-9 wp-has-aspect-ratio\"><div class=\"wp-block-embed__wrapper\">\n<iframe loading=\"lazy\" title=\"3MC - 3 Minute Catechism - 37 - C\u2019est quoi, la confirmation ?\" width=\"500\" height=\"281\" src=\"https:\/\/www.youtube.com\/embed\/LDaGQNuE98A?feature=oembed\" frameborder=\"0\" allow=\"accelerometer; autoplay; clipboard-write; encrypted-media; gyroscope; picture-in-picture; web-share\" referrerpolicy=\"strict-origin-when-cross-origin\" allowfullscreen><\/iframe>\n<\/div><\/figure>\n<\/div>\n\n\n\n<div class=\"wp-block-column is-layout-flow wp-block-column-is-layout-flow\" style=\"flex-basis:33.33%\">\n<h5 class=\"wp-block-heading\">Equipe de pr\u00e9paration \u00e0 la confirmation<\/h5>\n\n\n\n<ul class=\"wp-block-list\">\n<li>Abb\u00e9 Christophe Besnier <\/li>\n\n\n\n<li><\/li>\n<\/ul>\n\n\n\n<div class=\"wp-block-buttons is-layout-flex wp-block-buttons-is-layout-flex\">\n<div class=\"wp-block-button\"><a class=\"wp-block-button__link has-text-align-center wp-element-button\" href=\"paroisse.stgilduin@gmail.com\">paroisse.stgilduin@gmail.com<\/a><\/div>\n<\/div>\n<\/div>\n<\/div>\n\n\n\n<h5 class=\"wp-block-heading\"><em><strong>Le sacrement de&nbsp;Confirmation :&nbsp;un des sacrements de l\u2019initiation chr\u00e9tienne<\/strong><\/em>&nbsp; &nbsp; &nbsp;&nbsp;<\/h5>\n\n\n\n<p>Le don de l\u2019Esprit-Saint est important pour notre vie de foi, pour nous enraciner plus profond\u00e9ment dans notre vie d\u2019enfant de Dieu, nous unir plus fermement au Christ, rendre plus solide notre lien \u00e0 l\u2019\u00c9glise.&nbsp;<\/p>\n\n\n\n<h5 class=\"wp-block-heading\"><strong><em>Pourquoi recevoir le sacrement de Confirmation ?<\/em><\/strong><\/h5>\n\n\n\n<p>Pour rendre compte de notre vocation en tant que t\u00e9moin du Christ<strong><em>Vous souhaitez recevoir le sacrement de Confirmation&nbsp;<\/em><\/strong>&nbsp;<\/p>\n\n\n\n<p>Pour d\u00e9velopper notre foi en Dieu.<\/p>\n\n\n\n<p>Pour devenir membre&nbsp;actif et responsable dans l\u2019\u00c9glise.<\/p>\n\n\n\n<p>Pour trouver la joie de vivre pleinement l\u2019\u00c9vangile.<\/p>\n\n\n\n<p><strong><em>1.&nbsp;Vous \u00eates scolaris\u00e9 en 3\u00e8me, en lyc\u00e9e d\u2019enseignement g\u00e9n\u00e9ral ou professionnel, en apprentissage<\/em><\/strong><\/p>\n\n\n\n<p>Contactez&nbsp;:&nbsp;<a href=\"mailto:paroisse.stgilduin@diocesedechartres.com\">paroisse.stgilduin@diocesechartres.com<\/a>&nbsp;ou par t\u00e9l\u00e9phone&nbsp;: 02 37 21&nbsp;45 72<\/p>\n\n\n\n<p><strong>2.<\/strong><strong><em>&nbsp;La confirmation des adultes : c&rsquo;est possible ! <\/em><\/strong><\/p>\n\n\n\n<p>&nbsp;Chaque ann\u00e9e, dans notre dioc\u00e8se, de nombreux adultes re\u00e7oivent le sacrement de confirmation.<br><br>Vous, adultes qui pour des raisons diverses, n&rsquo;avez pas pu recevoir ce sacrement il n&rsquo;est pas trop tard,<strong>&nbsp;<\/strong>c&rsquo;est possible&nbsp;d&rsquo;\u00eatre confirm\u00e9 !<br><br>Comme pour tout sacrement, il convient de s&rsquo;y pr\u00e9parer. Si vous souhaitez cheminer vers la confirmation, n\u2019h\u00e9sitez pas \u00e0 nous contacter.<\/p>\n\n\n\n<p>Contactez :&nbsp;<a href=\"mailto:paroisse.stgilduin@diocesedechartres.com\">paroisse.stgilduin@diocesechartres.com<\/a>&nbsp;ou&nbsp;par t\u00e9l\u00e9phone&nbsp;: 02 37 21 45 72&nbsp;<\/p>\n","protected":false},"excerpt":{"rendered":"<p>Equipe de pr\u00e9paration \u00e0 la confirmation Le sacrement de&nbsp;Confirmation :&nbsp;un des sacrements de l\u2019initiation chr\u00e9tienne&nbsp; &nbsp; &nbsp;&nbsp; Le don de l\u2019Esprit-Saint est important pour notre vie de foi, pour nous enraciner plus profond\u00e9ment dans notre vie d\u2019enfant de Dieu, nous unir plus fermement au Christ, rendre plus solide notre lien \u00e0 l\u2019\u00c9glise.&nbsp; Pourquoi recevoir le [&hellip;]<\/p>\n","protected":false},"author":2,"featured_media":0,"parent":0,"menu_order":0,"comment_status":"closed","ping_status":"closed","template":"","meta":{"iawp_total_views":1,"footnotes":""},"class_list":["post-60","page","type-page","status-publish","hentry"],"_links":{"self":[{"href":"https:\/\/stgilduin.fr\/index.php?rest_route=\/wp\/v2\/pages\/60","targetHints":{"allow":["GET"]}}],"collection":[{"href":"https:\/\/stgilduin.fr\/index.php?rest_route=\/wp\/v2\/pages"}],"about":[{"href":"https:\/\/stgilduin.fr\/index.php?rest_route=\/wp\/v2\/types\/page"}],"author":[{"embeddable":true,"href":"https:\/\/stgilduin.fr\/index.php?rest_route=\/wp\/v2\/users\/2"}],"replies":[{"embeddable":true,"href":"https:\/\/stgilduin.fr\/index.php?rest_route=%2Fwp%2Fv2%2Fcomments&post=60"}],"version-history":[{"count":7,"href":"https:\/\/stgilduin.fr\/index.php?rest_route=\/wp\/v2\/pages\/60\/revisions"}],"predecessor-version":[{"id":769,"href":"https:\/\/stgilduin.fr\/index.php?rest_route=\/wp\/v2\/pages\/60\/revisions\/769"}],"wp:attachment":[{"href":"https:\/\/stgilduin.fr\/index.php?rest_route=%2Fwp%2Fv2%2Fmedia&parent=60"}],"curies":[{"name":"wp","href":"https:\/\/api.w.org\/{rel}","templated":true}]}}