{"id":61,"date":"2025-06-17T11:34:22","date_gmt":"2025-06-17T11:34:22","guid":{"rendered":"http:\/\/91.214.191.58\/?page_id=61"},"modified":"2025-09-12T14:57:30","modified_gmt":"2025-09-12T12:57:30","slug":"mariage","status":"publish","type":"page","link":"https:\/\/stgilduin.fr\/?page_id=61","title":{"rendered":"Se marier \u00e0 l&rsquo;\u00e9glise"},"content":{"rendered":"\n<div class=\"wp-block-columns is-layout-flex wp-container-core-columns-is-layout-28f84493 wp-block-columns-is-layout-flex\">\n<div class=\"wp-block-column is-layout-flow wp-block-column-is-layout-flow\" style=\"flex-basis:66.66%\">\n<figure class=\"wp-block-embed is-type-video is-provider-youtube wp-block-embed-youtube wp-embed-aspect-16-9 wp-has-aspect-ratio\"><div class=\"wp-block-embed__wrapper\">\n<iframe loading=\"lazy\" title=\"3MC - 3 Minute Catechism - 48 - C\u2019est quoi, le mariage ?\" width=\"500\" height=\"281\" src=\"https:\/\/www.youtube.com\/embed\/xlXPXXe4244?feature=oembed\" frameborder=\"0\" allow=\"accelerometer; autoplay; clipboard-write; encrypted-media; gyroscope; picture-in-picture; web-share\" referrerpolicy=\"strict-origin-when-cross-origin\" allowfullscreen><\/iframe>\n<\/div><\/figure>\n<\/div>\n\n\n\n<div class=\"wp-block-column is-layout-flow wp-block-column-is-layout-flow\" style=\"flex-basis:33.33%\">\n<h5 class=\"wp-block-heading\">Equipe de pr\u00e9paration au mariage <\/h5>\n\n\n\n<ul class=\"wp-block-list\">\n<li>Monsieur le cur\u00e9<\/li>\n<\/ul>\n\n\n\n<div class=\"wp-block-buttons is-content-justification-center is-layout-flex wp-container-core-buttons-is-layout-a89b3969 wp-block-buttons-is-layout-flex\">\n<div class=\"wp-block-button\"><a class=\"wp-block-button__link has-text-align-center wp-element-button\" href=\"https:\/\/public.enoria.app\/pubinsc\/mariage\/844\/NDY0NzA3NTA4Mzk?display=iframe\" target=\"_blank\" rel=\"noreferrer noopener\">S&rsquo;inscrire<\/a><\/div>\n<\/div>\n<\/div>\n<\/div>\n\n\n\n<h5 class=\"wp-block-heading\"><em><strong>C\u2019est d\u00e9cider de s\u2019engager \u00e0 deux dans l\u2019aventure du mariage et c\u2019est un \u00e9v\u00e8nement qui se pr\u00e9pare en plusieurs \u00e9tapes.<\/strong><\/em><\/h5>\n\n\n\n<p>L\u2019\u00e9quipe de pr\u00e9paration au mariage vous propose donc de r\u00e9fl\u00e9chir avec vous et d\u2019\u00e9changer sur toutes vos questions.<\/p>\n\n\n\n<ol class=\"wp-block-list\">\n<li><strong>Rencontrer un diacre ou un pr\u00eatre<\/strong>&nbsp;avec lequel vous remplirez le dossier administratif.<br>&nbsp;<\/li>\n\n\n\n<li><strong>Une pr\u00e9paration en plusieurs \u00e9tapes.<\/strong>&nbsp;Il vous sera demand\u00e9 de participer \u00e0 deux soir\u00e9es et \u00e0 deux journ\u00e9es (dimanche) avec les couples qui se marieront sur la paroisse.&nbsp;Au programme&nbsp;: expos\u00e9s, t\u00e9moignages, d\u00e9bats en \u00e9quipe, temps de c\u00e9l\u00e9bration et de pri\u00e8re.<br>&nbsp;<\/li>\n\n\n\n<li><strong>La pr\u00e9paration de la c\u00e9l\u00e9bration<\/strong>&nbsp;avec le diacre ou la pr\u00eatre qui va vous marier. Un livret vous sera remis au terme de la pr\u00e9paration.<br>&nbsp;<\/li>\n\n\n\n<li><strong>La c\u00e9l\u00e9bration du mariage<\/strong>&nbsp;en pr\u00e9sence de vos familles et amis.<\/li>\n<\/ol>\n\n\n\n<p><\/p>\n\n\n\n<h5 class=\"wp-block-heading\"><em><strong>Renseignements pratiques&nbsp;<\/strong><\/em><\/h5>\n\n\n\n<p>Elles vous seront donn\u00e9es lors des rencontres de pr\u00e9paration.<\/p>\n\n\n\n<ul class=\"wp-block-list\">\n<li><strong>Participation financi\u00e8re&nbsp;: 200\u20ac<\/strong><\/li>\n<\/ul>\n\n\n\n<p>L\u2019\u00c9glise vit des dons faits lors des c\u00e9l\u00e9brations de sacrements (bapt\u00eame, mariages, messes, ), des obs\u00e8ques etc.<\/p>\n\n\n\n<p>Ce don couvre les frais mat\u00e9riels de la pr\u00e9paration&nbsp;: livrets, photocopies, occupation des salles, etc)<\/p>\n\n\n\n<p><\/p>\n","protected":false},"excerpt":{"rendered":"<p>Equipe de pr\u00e9paration au mariage C\u2019est d\u00e9cider de s\u2019engager \u00e0 deux dans l\u2019aventure du mariage et c\u2019est un \u00e9v\u00e8nement qui se pr\u00e9pare en plusieurs \u00e9tapes. L\u2019\u00e9quipe de pr\u00e9paration au mariage vous propose donc de r\u00e9fl\u00e9chir avec vous et d\u2019\u00e9changer sur toutes vos questions. Renseignements pratiques&nbsp; Elles vous seront donn\u00e9es lors des rencontres de pr\u00e9paration. L\u2019\u00c9glise [&hellip;]<\/p>\n","protected":false},"author":2,"featured_media":0,"parent":0,"menu_order":0,"comment_status":"closed","ping_status":"closed","template":"","meta":{"iawp_total_views":10,"footnotes":""},"class_list":["post-61","page","type-page","status-publish","hentry"],"_links":{"self":[{"href":"https:\/\/stgilduin.fr\/index.php?rest_route=\/wp\/v2\/pages\/61","targetHints":{"allow":["GET"]}}],"collection":[{"href":"https:\/\/stgilduin.fr\/index.php?rest_route=\/wp\/v2\/pages"}],"about":[{"href":"https:\/\/stgilduin.fr\/index.php?rest_route=\/wp\/v2\/types\/page"}],"author":[{"embeddable":true,"href":"https:\/\/stgilduin.fr\/index.php?rest_route=\/wp\/v2\/users\/2"}],"replies":[{"embeddable":true,"href":"https:\/\/stgilduin.fr\/index.php?rest_route=%2Fwp%2Fv2%2Fcomments&post=61"}],"version-history":[{"count":6,"href":"https:\/\/stgilduin.fr\/index.php?rest_route=\/wp\/v2\/pages\/61\/revisions"}],"predecessor-version":[{"id":658,"href":"https:\/\/stgilduin.fr\/index.php?rest_route=\/wp\/v2\/pages\/61\/revisions\/658"}],"wp:attachment":[{"href":"https:\/\/stgilduin.fr\/index.php?rest_route=%2Fwp%2Fv2%2Fmedia&parent=61"}],"curies":[{"name":"wp","href":"https:\/\/api.w.org\/{rel}","templated":true}]}}