{"id":63,"date":"2025-06-17T11:33:50","date_gmt":"2025-06-17T11:33:50","guid":{"rendered":"http:\/\/91.214.191.58\/?page_id=63"},"modified":"2025-06-23T08:38:43","modified_gmt":"2025-06-23T08:38:43","slug":"sacrement-des-malades","status":"publish","type":"page","link":"https:\/\/stgilduin.fr\/?page_id=63","title":{"rendered":"Sacrement des malades"},"content":{"rendered":"\n<div class=\"wp-block-columns is-layout-flex wp-container-core-columns-is-layout-28f84493 wp-block-columns-is-layout-flex\">\n<div class=\"wp-block-column is-layout-flow wp-block-column-is-layout-flow\" style=\"flex-basis:66.66%\">\n<figure class=\"wp-block-embed is-type-video is-provider-youtube wp-block-embed-youtube wp-embed-aspect-16-9 wp-has-aspect-ratio\"><div class=\"wp-block-embed__wrapper\">\n<iframe loading=\"lazy\" title=\"3MC - 3 Minute Catechism - 45 - C\u2019est quoi, l\u2019onction des malades ?\" width=\"500\" height=\"281\" src=\"https:\/\/www.youtube.com\/embed\/YBzuLR0ygYs?feature=oembed\" frameborder=\"0\" allow=\"accelerometer; autoplay; clipboard-write; encrypted-media; gyroscope; picture-in-picture; web-share\" referrerpolicy=\"strict-origin-when-cross-origin\" allowfullscreen><\/iframe>\n<\/div><\/figure>\n<\/div>\n\n\n\n<div class=\"wp-block-column is-layout-flow wp-block-column-is-layout-flow\" style=\"flex-basis:33.33%\">\n<h5 class=\"wp-block-heading\">Equipe de la pastorale des \u00e9tablissements de sant\u00e9<\/h5>\n\n\n\n<ul class=\"wp-block-list\">\n<li>Monique Gallois<\/li>\n\n\n\n<li>Viviane Lecointre<\/li>\n\n\n\n<li>Catherine Lierman<\/li>\n\n\n\n<li>Fran\u00e7oise Michaud<\/li>\n<\/ul>\n\n\n\n<div class=\"wp-block-buttons is-layout-flex wp-block-buttons-is-layout-flex\">\n<div class=\"wp-block-button\"><a class=\"wp-block-button__link has-text-align-center wp-element-button\" href=\"paroisse.stgilduin@gmail.com\">paroisse.stgilduin@gmail.com<\/a><\/div>\n<\/div>\n\n\n\n<p><\/p>\n<\/div>\n<\/div>\n\n\n\n<h5 class=\"wp-block-heading\"><em><strong>Le sacrement des malades ou &nbsp;l&rsquo;onction des malades<\/strong><\/em><\/h5>\n\n\n\n<ul class=\"wp-block-list\">\n<li><em><strong>Le sacrement de l&rsquo;onction des malades&nbsp;:&nbsp;<\/strong><\/em><\/li>\n<\/ul>\n\n\n\n<p>Contrairement \u00e0 ce qu&rsquo;on a pu penser pendant longtemps, il n&rsquo;est pas le sacrement du dernier moment ou \u00ab\u00a0extr\u00eame-onction\u00a0\u00bb.<\/p>\n\n\n\n<p>L&rsquo;onction des malades est le sacrement qui vient au secours du malade pour lui&nbsp;permettre de vivre son temps de maladie physique ou psychique avec le Christ.<\/p>\n\n\n\n<p>Il est administr\u00e9 par un pr\u00eatre et peut \u00eatre v\u00e9cu plusieurs fois au cours d&rsquo;une vie.<\/p>\n\n\n\n<p>Ce sacrement est la manifestation des gestes d&rsquo;amour et de compassion du Christ envers les personnes malades et \u00e2g\u00e9es. Il nous r\u00e9v\u00e8le l&rsquo;amour mis\u00e9ricordieux de Dieu qui sauve.<br>&nbsp;<\/p>\n\n\n\n<ul class=\"wp-block-list\">\n<li><em><strong>Comment\u00a0recevoir ce sacrement : <\/strong> <\/em>\u00a0\u00a0<\/li>\n<\/ul>\n\n\n\n<p>Un entretien avec un pr\u00eatre permettra de discerner le bien fond\u00e9 de la demande.<br><br>Il aidera et pr\u00e9parera la personne \u00e0 cette d\u00e9marche en collaboration&nbsp;avec sa famille et les la\u00efcs de la pastorale de la sant\u00e9.<\/p>\n","protected":false},"excerpt":{"rendered":"<p>Equipe de la pastorale des \u00e9tablissements de sant\u00e9 Le sacrement des malades ou &nbsp;l&rsquo;onction des malades Contrairement \u00e0 ce qu&rsquo;on a pu penser pendant longtemps, il n&rsquo;est pas le sacrement du dernier moment ou \u00ab\u00a0extr\u00eame-onction\u00a0\u00bb. L&rsquo;onction des malades est le sacrement qui vient au secours du malade pour lui&nbsp;permettre de vivre son temps de maladie [&hellip;]<\/p>\n","protected":false},"author":2,"featured_media":0,"parent":0,"menu_order":0,"comment_status":"closed","ping_status":"closed","template":"","meta":{"iawp_total_views":1,"footnotes":""},"class_list":["post-63","page","type-page","status-publish","hentry"],"_links":{"self":[{"href":"https:\/\/stgilduin.fr\/index.php?rest_route=\/wp\/v2\/pages\/63","targetHints":{"allow":["GET"]}}],"collection":[{"href":"https:\/\/stgilduin.fr\/index.php?rest_route=\/wp\/v2\/pages"}],"about":[{"href":"https:\/\/stgilduin.fr\/index.php?rest_route=\/wp\/v2\/types\/page"}],"author":[{"embeddable":true,"href":"https:\/\/stgilduin.fr\/index.php?rest_route=\/wp\/v2\/users\/2"}],"replies":[{"embeddable":true,"href":"https:\/\/stgilduin.fr\/index.php?rest_route=%2Fwp%2Fv2%2Fcomments&post=63"}],"version-history":[{"count":3,"href":"https:\/\/stgilduin.fr\/index.php?rest_route=\/wp\/v2\/pages\/63\/revisions"}],"predecessor-version":[{"id":241,"href":"https:\/\/stgilduin.fr\/index.php?rest_route=\/wp\/v2\/pages\/63\/revisions\/241"}],"wp:attachment":[{"href":"https:\/\/stgilduin.fr\/index.php?rest_route=%2Fwp%2Fv2%2Fmedia&parent=63"}],"curies":[{"name":"wp","href":"https:\/\/api.w.org\/{rel}","templated":true}]}}