{"id":64,"date":"2025-06-17T11:33:57","date_gmt":"2025-06-17T11:33:57","guid":{"rendered":"http:\/\/91.214.191.58\/?page_id=64"},"modified":"2025-06-23T08:34:11","modified_gmt":"2025-06-23T08:34:11","slug":"sacrement-de-reconciliation","status":"publish","type":"page","link":"https:\/\/stgilduin.fr\/?page_id=64","title":{"rendered":"Sacrement de r\u00e9conciliation &#8211;  la confession"},"content":{"rendered":"\n<div class=\"wp-block-columns is-layout-flex wp-container-core-columns-is-layout-28f84493 wp-block-columns-is-layout-flex\">\n<div class=\"wp-block-column is-layout-flow wp-block-column-is-layout-flow\" style=\"flex-basis:66.66%\">\n<figure class=\"wp-block-embed is-type-video is-provider-youtube wp-block-embed-youtube wp-embed-aspect-16-9 wp-has-aspect-ratio\"><div class=\"wp-block-embed__wrapper\">\n<iframe loading=\"lazy\" title=\"3MC - 3 Minute Catechism - 44 - C\u2019est quoi, la confession ?\" width=\"500\" height=\"281\" src=\"https:\/\/www.youtube.com\/embed\/bZtFzzG9lYc?feature=oembed\" frameborder=\"0\" allow=\"accelerometer; autoplay; clipboard-write; encrypted-media; gyroscope; picture-in-picture; web-share\" referrerpolicy=\"strict-origin-when-cross-origin\" allowfullscreen><\/iframe>\n<\/div><\/figure>\n<\/div>\n\n\n\n<div class=\"wp-block-column is-layout-flow wp-block-column-is-layout-flow\" style=\"flex-basis:33.33%\">\n<h5 class=\"wp-block-heading\">Horaires de confession<\/h5>\n\n\n\n<ul class=\"wp-block-list\">\n<li>Mardi apr\u00e8s la messe\u00a0jusqu\u2019\u00e0 19h (Champhol)<\/li>\n\n\n\n<li>Mercredi apr\u00e8s la messe\u00a0jusqu\u2019\u00e0 19h (L\u00e8ves)<\/li>\n<\/ul>\n\n\n\n<div class=\"wp-block-buttons is-layout-flex wp-block-buttons-is-layout-flex\">\n<div class=\"wp-block-button\"><a class=\"wp-block-button__link has-text-align-center wp-element-button\" href=\"paroisse.stgilduin@gmail.com\">paroisse.stgilduin@gmail.com<\/a><\/div>\n<\/div>\n<\/div>\n<\/div>\n\n\n\n<h5 class=\"wp-block-heading\"><em><br><strong>Vous voulez prendre le temps de vous r\u00e9concilier avec Dieu.<\/strong><\/em><\/h5>\n\n\n\n<ul class=\"wp-block-list\">\n<li><strong><em>Soyez les bienvenus lors des temps de r\u00e9conciliation&nbsp;<\/em><\/strong>qui sont propos\u00e9s avant les grandes&nbsp;f\u00eates de No\u00ebl et P\u00e2ques.<\/li>\n<\/ul>\n\n\n\n<p>Des pr\u00eatres seront \u00e0 votre disposition en fin de journ\u00e9e, pour un temps d\u2019\u00e9change au cours duquel vous pourrez faire le point sur votre vie et recevoir le sacrement de R\u00e9conciliation. Dans l\u2019\u00e9glise un chemin du pardon vous permettra de pr\u00e9parer le sacrement de R\u00e9conciliation.<\/p>\n\n\n\n<p>La plage horaire propos\u00e9e est importante, elle vous permet de choisir un cr\u00e9neau horaire qui vous arrange, on peut venir seul ou en famille. Un accueil sp\u00e9cifique est propos\u00e9 aux enfants.<\/p>\n\n\n\n<ul class=\"wp-block-list\">\n<li><em><strong>En dehors de ces rencontres, n\u2019h\u00e9sitez pas \u00e0 prendre rendez-vous<\/strong><\/em>\u00a0au secr\u00e9tariat paroissial pour rencontrer le\u00a0pr\u00eatre.<\/li>\n<\/ul>\n\n\n\n<p><\/p>\n","protected":false},"excerpt":{"rendered":"<p>Horaires de confession Vous voulez prendre le temps de vous r\u00e9concilier avec Dieu. Des pr\u00eatres seront \u00e0 votre disposition en fin de journ\u00e9e, pour un temps d\u2019\u00e9change au cours duquel vous pourrez faire le point sur votre vie et recevoir le sacrement de R\u00e9conciliation. Dans l\u2019\u00e9glise un chemin du pardon vous permettra de pr\u00e9parer le [&hellip;]<\/p>\n","protected":false},"author":2,"featured_media":0,"parent":0,"menu_order":0,"comment_status":"closed","ping_status":"closed","template":"","meta":{"iawp_total_views":3,"footnotes":""},"class_list":["post-64","page","type-page","status-publish","hentry"],"_links":{"self":[{"href":"https:\/\/stgilduin.fr\/index.php?rest_route=\/wp\/v2\/pages\/64","targetHints":{"allow":["GET"]}}],"collection":[{"href":"https:\/\/stgilduin.fr\/index.php?rest_route=\/wp\/v2\/pages"}],"about":[{"href":"https:\/\/stgilduin.fr\/index.php?rest_route=\/wp\/v2\/types\/page"}],"author":[{"embeddable":true,"href":"https:\/\/stgilduin.fr\/index.php?rest_route=\/wp\/v2\/users\/2"}],"replies":[{"embeddable":true,"href":"https:\/\/stgilduin.fr\/index.php?rest_route=%2Fwp%2Fv2%2Fcomments&post=64"}],"version-history":[{"count":2,"href":"https:\/\/stgilduin.fr\/index.php?rest_route=\/wp\/v2\/pages\/64\/revisions"}],"predecessor-version":[{"id":239,"href":"https:\/\/stgilduin.fr\/index.php?rest_route=\/wp\/v2\/pages\/64\/revisions\/239"}],"wp:attachment":[{"href":"https:\/\/stgilduin.fr\/index.php?rest_route=%2Fwp%2Fv2%2Fmedia&parent=64"}],"curies":[{"name":"wp","href":"https:\/\/api.w.org\/{rel}","templated":true}]}}