{"id":75,"date":"2025-06-17T11:33:31","date_gmt":"2025-06-17T11:33:31","guid":{"rendered":"http:\/\/91.214.191.58\/?page_id=75"},"modified":"2025-10-24T17:02:02","modified_gmt":"2025-10-24T15:02:02","slug":"eglise-domestique","status":"publish","type":"page","link":"https:\/\/stgilduin.fr\/?page_id=75","title":{"rendered":"Les fun\u00e9railles : dans l&rsquo;esp\u00e9rance Chr\u00e9tienne"},"content":{"rendered":"\n<p><\/p>\n\n\n\n<div class=\"wp-block-columns is-layout-flex wp-container-core-columns-is-layout-28f84493 wp-block-columns-is-layout-flex\">\n<div class=\"wp-block-column is-layout-flow wp-block-column-is-layout-flow\" style=\"flex-basis:66.66%\">\n<figure class=\"wp-block-gallery has-nested-images columns-default is-cropped wp-block-gallery-1 is-layout-flex wp-block-gallery-is-layout-flex\">\n<figure class=\"wp-block-image size-full\"><img loading=\"lazy\" decoding=\"async\" width=\"501\" height=\"365\" data-id=\"428\" src=\"http:\/\/91.214.191.58\/wp-content\/uploads\/2025\/06\/Capture-decran-2025-06-24-a-10.58.39.png\" alt=\"\" class=\"wp-image-428\" srcset=\"https:\/\/stgilduin.fr\/wp-content\/uploads\/2025\/06\/Capture-decran-2025-06-24-a-10.58.39.png 501w, https:\/\/stgilduin.fr\/wp-content\/uploads\/2025\/06\/Capture-decran-2025-06-24-a-10.58.39-300x219.png 300w\" sizes=\"auto, (max-width: 501px) 100vw, 501px\" \/><\/figure>\n\n\n\n<figure class=\"wp-block-image size-full\"><img loading=\"lazy\" decoding=\"async\" width=\"500\" height=\"330\" data-id=\"99\" src=\"http:\/\/91.214.191.58\/wp-content\/uploads\/2025\/06\/Capture-decran-2025-06-05-a-15.24.41.png\" alt=\"\" class=\"wp-image-99\" srcset=\"https:\/\/stgilduin.fr\/wp-content\/uploads\/2025\/06\/Capture-decran-2025-06-05-a-15.24.41.png 500w, https:\/\/stgilduin.fr\/wp-content\/uploads\/2025\/06\/Capture-decran-2025-06-05-a-15.24.41-300x198.png 300w\" sizes=\"auto, (max-width: 500px) 100vw, 500px\" \/><\/figure>\n\n\n\n<figure class=\"wp-block-image size-full\"><img loading=\"lazy\" decoding=\"async\" width=\"441\" height=\"242\" data-id=\"429\" src=\"http:\/\/91.214.191.58\/wp-content\/uploads\/2025\/06\/Capture-decran-2025-06-24-a-11.01.41.png\" alt=\"\" class=\"wp-image-429\" srcset=\"https:\/\/stgilduin.fr\/wp-content\/uploads\/2025\/06\/Capture-decran-2025-06-24-a-11.01.41.png 441w, https:\/\/stgilduin.fr\/wp-content\/uploads\/2025\/06\/Capture-decran-2025-06-24-a-11.01.41-300x165.png 300w\" sizes=\"auto, (max-width: 441px) 100vw, 441px\" \/><\/figure>\n<\/figure>\n<\/div>\n\n\n\n<div class=\"wp-block-column is-layout-flow wp-block-column-is-layout-flow\" style=\"flex-basis:33.33%\">\n<h5 class=\"wp-block-heading\">Equipe &#8211; accompagnement des familles en deuil <\/h5>\n\n\n\n<ul class=\"wp-block-list\">\n<li><strong>R\u00e9pondeur Obs\u00e8ques : <\/strong><\/li>\n\n\n\n<li>06 79 15 67 42<\/li>\n\n\n\n<li><strong>Coordinations<\/strong><\/li>\n\n\n\n<li>Monique GALOIS<\/li>\n\n\n\n<li>Laurent VERDY<\/li>\n<\/ul>\n\n\n\n<div class=\"wp-block-buttons is-content-justification-center is-layout-flex wp-container-core-buttons-is-layout-a89b3969 wp-block-buttons-is-layout-flex\">\n<div class=\"wp-block-button\"><a class=\"wp-block-button__link has-text-align-center wp-element-button\" href=\"paroisse.stgilduin@gmail.com\">paroisse.stgilduin@gmail.com<\/a><\/div>\n<\/div>\n<\/div>\n<\/div>\n\n\n\n<blockquote class=\"wp-block-quote is-layout-flow wp-block-quote-is-layout-flow\">\n<h5 class=\"wp-block-heading\">\u00ab&nbsp;Les P\u00e8res de l\u2019\u00c9glise, dans la tradition chr\u00e9tienne, ont parl\u00e9 de la famille comme d\u2019une \u201c\u00c9glise domestique\u201d, une \u201cpetite \u00c9glise\u201d.&nbsp;\u00bb Saint Jean-Paul II, <em>Lettre aux familles<\/em> <\/h5>\n<\/blockquote>\n\n\n\n<p><\/p>\n\n\n\n<h5 class=\"wp-block-heading\"><em><mark style=\"background-color:rgba(0, 0, 0, 0)\" class=\"has-inline-color has-mono-2-color\"><span style=\"text-decoration: underline;\"><strong>Fun\u00e9railles et pastorale du deuil<\/strong> <\/span>: \u00e0 l\u2019heure de la mort et du deuil, l\u2019\u00c9glise a mission de prier pour les d\u00e9funts et d\u2019accompagner tout ceux qui sont \u00e9prouv\u00e9s par le deuil.<\/mark><\/em><\/h5>\n\n\n\n<ul class=\"wp-block-list\">\n<li><mark style=\"background-color:rgba(0, 0, 0, 0)\" class=\"has-inline-color has-primary-color\"><em><strong>La paroisse travaille en collaboration avec les pompes fun\u00e8bres, qui sont contact\u00e9es en premier par les familles<\/strong><\/em>.&nbsp;<\/mark><\/li>\n<\/ul>\n\n\n\n<p>Lorsque les familles d\u00e9sirent&nbsp;des obs\u00e8ques &nbsp;religieuses, les pompes fun\u00e8bres prennent contact avec la paroisse. Rapidement&nbsp; la date et l\u2019heure ainsi que le nom de celui qui pr\u00e9sidera sont confirm\u00e9s aux pompes fun\u00e8bres.<\/p>\n\n\n\n<ul class=\"wp-block-list\">\n<li><strong><em><mark style=\"background-color:rgba(0, 0, 0, 0)\" class=\"has-inline-color has-primary-color\">Les membres de l\u2019\u00e9quipe d\u2019accompagnement des familles en deuil : &nbsp;<\/mark><\/em><\/strong><\/li>\n<\/ul>\n\n\n\n<p>Ils prennent alors contact avec la famille<strong>&nbsp;<\/strong>pour la rencontrer&nbsp; dans la mesure du possible avec le c\u00e9l\u00e9brant, en vue de pr\u00e9parer la c\u00e9l\u00e9bration. Attentifs et \u00e0 l\u2019\u00e9coute, ils d\u00e9ploient avec la famille le rituel de la c\u00e9l\u00e9bration, l\u2019aident dans le choix des lectures et des chants. C\u2019est un moment privil\u00e9gi\u00e9 pour&nbsp; t\u00e9moigner de la compassion du Christ et de&nbsp; son&nbsp;\u00c9glise en faveur de ceux qui ont perdu un \u00eatre cher.&nbsp;Ces paroissiens sont \u00e0 la disposition des familles avant, pendant et apr\u00e8s la c\u00e9l\u00e9bration pour les \u00e9couter, prier avec elles, apporter un soutien et les aider \u2026.<\/p>\n\n\n\n<ul class=\"wp-block-list\">\n<li><em><strong><mark style=\"background-color:rgba(0, 0, 0, 0)\" class=\"has-inline-color has-primary-color\">La communaut\u00e9 paroissiale&nbsp;<\/mark><\/strong><\/em><\/li>\n<\/ul>\n\n\n\n<p>Elle n\u2019est pas tenue \u00e0 l\u2019\u00e9cart, car chacun peut accompagner le d\u00e9funt de sa pri\u00e8re \u00e0 la messe du dimanche qui suit les obs\u00e8ques, \u00e0 laquelle les familles sont d\u2019ailleurs invit\u00e9es.&nbsp;<\/p>\n\n\n\n<p><\/p>\n\n\n\n<h5 class=\"wp-block-heading\"><mark style=\"background-color:rgba(0, 0, 0, 0)\" class=\"has-inline-color has-mono-2-color\"><span style=\"text-decoration: underline;\">Autres propositions<\/span><\/mark><\/h5>\n\n\n\n<div class=\"wp-block-buttons is-content-justification-center is-layout-flex wp-container-core-buttons-is-layout-a89b3969 wp-block-buttons-is-layout-flex\">\n<div class=\"wp-block-button\"><a class=\"wp-block-button__link wp-element-button\" href=\"http:\/\/91.214.191.58\/?page_id=76\">Visite \u00e0 domicile<\/a><\/div>\n\n\n\n<div class=\"wp-block-button\"><a class=\"wp-block-button__link wp-element-button\" href=\"curestgilduin@gmail.com\">Faire b\u00e9nir sa maison<\/a><\/div>\n\n\n\n<div class=\"wp-block-button\"><a class=\"wp-block-button__link wp-element-button\" href=\"curestgilduin@gmail.com\">Coin pri\u00e8re<\/a><\/div>\n<\/div>\n\n\n\n<p><\/p>\n","protected":false},"excerpt":{"rendered":"<p>Equipe &#8211; accompagnement des familles en deuil \u00ab&nbsp;Les P\u00e8res de l\u2019\u00c9glise, dans la tradition chr\u00e9tienne, ont parl\u00e9 de la famille comme d\u2019une \u201c\u00c9glise domestique\u201d, une \u201cpetite \u00c9glise\u201d.&nbsp;\u00bb Saint Jean-Paul II, Lettre aux familles Fun\u00e9railles et pastorale du deuil : \u00e0 l\u2019heure de la mort et du deuil, l\u2019\u00c9glise a mission de prier pour les d\u00e9funts [&hellip;]<\/p>\n","protected":false},"author":2,"featured_media":0,"parent":0,"menu_order":0,"comment_status":"closed","ping_status":"closed","template":"","meta":{"iawp_total_views":4,"footnotes":""},"class_list":["post-75","page","type-page","status-publish","hentry"],"_links":{"self":[{"href":"https:\/\/stgilduin.fr\/index.php?rest_route=\/wp\/v2\/pages\/75","targetHints":{"allow":["GET"]}}],"collection":[{"href":"https:\/\/stgilduin.fr\/index.php?rest_route=\/wp\/v2\/pages"}],"about":[{"href":"https:\/\/stgilduin.fr\/index.php?rest_route=\/wp\/v2\/types\/page"}],"author":[{"embeddable":true,"href":"https:\/\/stgilduin.fr\/index.php?rest_route=\/wp\/v2\/users\/2"}],"replies":[{"embeddable":true,"href":"https:\/\/stgilduin.fr\/index.php?rest_route=%2Fwp%2Fv2%2Fcomments&post=75"}],"version-history":[{"count":12,"href":"https:\/\/stgilduin.fr\/index.php?rest_route=\/wp\/v2\/pages\/75\/revisions"}],"predecessor-version":[{"id":707,"href":"https:\/\/stgilduin.fr\/index.php?rest_route=\/wp\/v2\/pages\/75\/revisions\/707"}],"wp:attachment":[{"href":"https:\/\/stgilduin.fr\/index.php?rest_route=%2Fwp%2Fv2%2Fmedia&parent=75"}],"curies":[{"name":"wp","href":"https:\/\/api.w.org\/{rel}","templated":true}]}}