{"id":76,"date":"2025-06-17T11:32:14","date_gmt":"2025-06-17T11:32:14","guid":{"rendered":"http:\/\/91.214.191.58\/?page_id=76"},"modified":"2026-04-03T10:24:01","modified_gmt":"2026-04-03T08:24:01","slug":"charite-et-solidarite","status":"publish","type":"page","link":"https:\/\/stgilduin.fr\/?page_id=76","title":{"rendered":"PASTORALE DE LA SANTE"},"content":{"rendered":"\n<p><\/p>\n\n\n\n<div class=\"wp-block-columns is-layout-flex wp-container-core-columns-is-layout-28f84493 wp-block-columns-is-layout-flex\">\n<div class=\"wp-block-column is-layout-flow wp-block-column-is-layout-flow\" style=\"flex-basis:66.66%\">\n<figure class=\"wp-block-gallery has-nested-images columns-default is-cropped wp-block-gallery-1 is-layout-flex wp-block-gallery-is-layout-flex\">\n<figure class=\"wp-block-image size-full\"><img loading=\"lazy\" decoding=\"async\" width=\"543\" height=\"319\" data-id=\"245\" src=\"http:\/\/91.214.191.58\/wp-content\/uploads\/2025\/06\/Capture-decran-2025-06-23-a-10.49.57.png\" alt=\"\" class=\"wp-image-245\" srcset=\"https:\/\/stgilduin.fr\/wp-content\/uploads\/2025\/06\/Capture-decran-2025-06-23-a-10.49.57.png 543w, https:\/\/stgilduin.fr\/wp-content\/uploads\/2025\/06\/Capture-decran-2025-06-23-a-10.49.57-300x176.png 300w\" sizes=\"auto, (max-width: 543px) 100vw, 543px\" \/><\/figure>\n\n\n\n<figure class=\"wp-block-image size-full\"><img loading=\"lazy\" decoding=\"async\" width=\"361\" height=\"236\" data-id=\"244\" src=\"http:\/\/91.214.191.58\/wp-content\/uploads\/2025\/06\/Capture-decran-2025-06-23-a-10.47.43.png\" alt=\"\" class=\"wp-image-244\" srcset=\"https:\/\/stgilduin.fr\/wp-content\/uploads\/2025\/06\/Capture-decran-2025-06-23-a-10.47.43.png 361w, https:\/\/stgilduin.fr\/wp-content\/uploads\/2025\/06\/Capture-decran-2025-06-23-a-10.47.43-300x196.png 300w\" sizes=\"auto, (max-width: 361px) 100vw, 361px\" \/><\/figure>\n<\/figure>\n<\/div>\n\n\n\n<div class=\"wp-block-column is-layout-flow wp-block-column-is-layout-flow\" style=\"flex-basis:33.33%\">\n<h5 class=\"wp-block-heading\">Responsable <\/h5>\n\n\n\n<ul class=\"wp-block-list\">\n<li>Monique Gallois<\/li>\n<\/ul>\n<\/div>\n<\/div>\n\n\n\n<blockquote class=\"wp-block-quote is-layout-flow wp-block-quote-is-layout-flow\">\n<h5 class=\"wp-block-heading\">\u00ab J\u2019aurais beau parler toutes les langues des hommes et des anges, si je n\u2019ai pas la charit\u00e9, s\u2019il me manque l\u2019amour, je ne suis qu\u2019un cuivre qui r\u00e9sonne, une cymbale retentissante. <strong>\u00bb<\/strong>   1 Co 13, 1<\/h5>\n<\/blockquote>\n\n\n\n<p>Dans la paroisse, des b\u00e9n\u00e9voles s&rsquo;engagent pour accompagner les plus fragiles et les isol\u00e9s. <\/p>\n\n\n\n<h5 class=\"wp-block-heading\"><mark style=\"background-color:rgba(0, 0, 0, 0)\" class=\"has-inline-color has-mono-2-color\"><span style=\"text-decoration: underline;\">Aum\u00f4nerie des \u00e9tablissements de sant\u00e9<\/span><\/mark><\/h5>\n\n\n\n<p>La Pastorale de la sant\u00e9 est un service de l&rsquo;\u00c9glise qui se manifeste et se vit aupr\u00e8s des personnes atteintes par la maladie , le handicap, l&rsquo;exclusion&#8230;..Sa mission principale est de se faire proche de l\u2019autre, de l\u2019\u00e9couter, et de rompre sa solitude dans un esprit d\u2019humilit\u00e9, de fraternit\u00e9 et de gratuit\u00e9, bref, de maintenir sa dignit\u00e9.<\/p>\n\n\n\n<ul class=\"wp-block-list\">\n<li><mark style=\"background-color:rgba(0, 0, 0, 0)\" class=\"has-inline-color has-primary-color\"><em><strong>La Fondation d\u2019Aligre&nbsp;<\/strong><\/em><\/mark><\/li>\n<\/ul>\n\n\n\n<p>L\u2019aum\u00f4nerie a vu le jour, depuis un certain nombre d\u2019ann\u00e9es, et l\u2019\u00e9quipe compte maintenant 8 membres b\u00e9n\u00e9voles.\u00a0\u00a0\u00a0\u00a0<\/p>\n\n\n\n<p><\/p>\n\n\n\n<p>&#8211;&nbsp;<strong>Un jeudi sur deux<\/strong>, une messe est c\u00e9l\u00e9br\u00e9e \u00e0 17h \u00e0 la Chapelle pour tous les r\u00e9sidents, et anim\u00e9e par des membres de l\u2019\u00e9quipe de la pastorale (cf. bulletin paroissial).<\/p>\n\n\n\n<p>&#8211; D\u2019autre part,&nbsp;<strong>des b\u00e9n\u00e9voles visitent chaque semaine<\/strong>&nbsp;les r\u00e9sidants dans ce m\u00eame service. Lors de leurs passages ils apportent quelques bribes de la vie de l\u2019ext\u00e9rieur, ainsi qu\u2019un peu d\u2019amiti\u00e9 et d\u2019humanit\u00e9&nbsp;; voulant &nbsp;surtout montrer que personne n\u2019est oubli\u00e9.<\/p>\n\n\n\n<p>Messe du Jeudi Saint 2 avril 2026<br><\/p>\n\n\n\n<div class=\"wp-block-columns is-layout-flex wp-container-core-columns-is-layout-28f84493 wp-block-columns-is-layout-flex\">\n<div class=\"wp-block-column is-layout-flow wp-block-column-is-layout-flow\" style=\"flex-basis:100%\">\n<figure class=\"wp-block-image size-full\"><img loading=\"lazy\" decoding=\"async\" width=\"291\" height=\"297\" src=\"https:\/\/stgilduin.fr\/wp-content\/uploads\/2026\/04\/image-6.png\" alt=\"\" class=\"wp-image-782\"\/><\/figure>\n<\/div>\n<\/div>\n\n\n\n<p>Quelle belle c\u00e9l\u00e9bration nous avons v\u00e9cue\u00a0! Que ce soit les r\u00e9sidents (nombreux de tous services), les b\u00e9n\u00e9voles organisateurs, les fid\u00e8les, le c\u00e9l\u00e9brant, la joie illuminait le regard de tous. Une certaine \u00e9motion s\u2019est faite sentir en voyant combien les r\u00e9sidents ont attach\u00e9s \u00e0 ces temps forts de pri\u00e8res et rassemblement autour du Seigneur. Un certain nombre de r\u00e9sidents en fauteuil ou plus valides sont venus illuminer et fleurir la grande table couverte de nappes blanches perpendiculaire \u00e0 l\u2019autel. Tous se sont ensuite rassembl\u00e9s autour de cette table et sur les bancs mis en arc de cercle. Le P\u00e8re Jean Eudes ( tr\u00e8s attach\u00e9e \u00e0 notre paroisse pour y avoir v\u00e9cu plusieurs ann\u00e9es) et notre diacre Emmanuel ont anim\u00e9s une messe pleine de vie et de recueillement \u00e0 la fois,  ccompagn\u00e9e de notre chanteuse B\u00e9n\u00e9dicte et de notre organiste Brigitte dont les talents font le bonheur de chacun. Le traditionnel lavage des mains pour toute l\u2019assembl\u00e9e d\u2019une personne \u00e0 l\u2019autre, comme une cha\u00eene d\u2019union fraternelle a \u00e9t\u00e9 comme toujours emprunte d\u2019une certaine \u00e9motion. Une distribution de petits signets-souvenir et un go\u00fbter ont termin\u00e9 ce temps dans<br>les \u00e9changes, la bonne-humeur et la convivialit\u00e9.<\/p>\n\n\n\n<p>Un grand merci \u00e0 tous ceux qui ont contribu\u00e9, chacune et chacun dans leur domaine \u00e0 la r\u00e9ussite de ce Jeudi-<\/p>\n\n\n\n<ul class=\"wp-block-list\">\n<li><em><strong><mark style=\"background-color:rgba(0, 0, 0, 0)\" class=\"has-inline-color has-primary-color\">Les Jardins d&rsquo;Ariane<\/mark><\/strong><\/em><\/li>\n<\/ul>\n\n\n\n<p>Une messe est une fois par mois le mercredi \u00e0 14h30.<\/p>\n\n\n\n<ul class=\"wp-block-list\">\n<li><em><strong><em><strong><mark style=\"background-color:rgba(0, 0, 0, 0)\" class=\"has-inline-color has-primary-color\">La clinique de convalescence \u00e0 Gasville<\/mark><\/strong><\/em><\/strong><\/em><\/li>\n<\/ul>\n\n\n\n<p><\/p>\n\n\n\n<p><strong>Tous les ans<\/strong>, les personnes engag\u00e9es dans la pastorale de la sant\u00e9 suivent 2 journ\u00e9es de formation afin de toujours \u00eatre mieux adapt\u00e9es aux multiples situations des personnes rencontr\u00e9es.<\/p>\n\n\n\n<p><\/p>\n\n\n\n<h5 class=\"wp-block-heading\"><mark style=\"background-color:rgba(0, 0, 0, 0)\" class=\"has-inline-color has-mono-2-color\"><span style=\"text-decoration: underline;\">Visites \u00e0 domicile<\/span><\/mark><\/h5>\n\n\n\n<blockquote class=\"wp-block-quote is-layout-flow wp-block-quote-is-layout-flow\">\n<h5 class=\"wp-block-heading\"><em><strong><em><strong>\u00ab<\/strong><\/em> J&rsquo;\u00e9tais malade et vous m&rsquo;avez visit\u00e9 \u00bb<\/strong>&nbsp;Matthieu 25, 36<\/em><\/h5>\n<\/blockquote>\n\n\n\n<ul class=\"wp-block-list\">\n<li><mark style=\"background-color:rgba(0, 0, 0, 0)\" class=\"has-inline-color has-primary-color\"><strong><em>Pour une soci\u00e9t\u00e9 plus solidaire, plus fraternelle, plus humaine<\/em><\/strong> <\/mark><\/li>\n<\/ul>\n\n\n\n<p>Aller \u00e0 la rencontre, se rendre pr\u00e9sent, cr\u00e9er du lien, lutter contre l&rsquo;isolement et la souffrance, rendre leur place&nbsp;aux personnes handicap\u00e9es et aux personnes les plus fragiles, et rechercher une vie de partage.&nbsp;Faire reconna\u00eetre l&rsquo;action de la Pastorale de la Sant\u00e9 dans la mission de l&rsquo;\u00c9glise :&nbsp;<strong>SERVIR<\/strong>.<\/p>\n\n\n\n<p>Sur le secteur de la paroisse, plusieurs personnes sont membres de&nbsp;<strong>l\u2019hospitalit\u00e9 chartraine Notre-Dame de Lourdes<\/strong>.Tout au long de l\u2019ann\u00e9e, elles rendent visite aux personnes malades ou \u00e2g\u00e9es, qu\u2019elles accompagnent au p\u00e8lerinage dioc\u00e9sain \u00e0 Lourdes chaque ann\u00e9e au mois d\u2019ao\u00fbt.Les f\u00eates de No\u00ebl sont pour elles l\u2019occasion de leurs manifester leur amiti\u00e9 en leur offrant, lors de cette visite, un petit cadeau au nom de l\u2019hospitalit\u00e9.<\/p>\n\n\n\n<ul class=\"wp-block-list\">\n<li><strong><em><mark style=\"background-color:rgba(0, 0, 0, 0)\" class=\"has-inline-color has-primary-color\">Visites&nbsp;\u00e0 domicile des personnes \u00e2g\u00e9es ou malades ou isol\u00e9es par la solitude<\/mark><\/em><\/strong><\/li>\n<\/ul>\n\n\n\n<p>Sur demande aupr\u00e8s du secr\u00e9tariat paroissial<\/p>\n\n\n\n<p><\/p>\n","protected":false},"excerpt":{"rendered":"<p>Responsable \u00ab J\u2019aurais beau parler toutes les langues des hommes et des anges, si je n\u2019ai pas la charit\u00e9, s\u2019il me manque l\u2019amour, je ne suis qu\u2019un cuivre qui r\u00e9sonne, une cymbale retentissante. \u00bb 1 Co 13, 1 Dans la paroisse, des b\u00e9n\u00e9voles s&rsquo;engagent pour accompagner les plus fragiles et les isol\u00e9s. Aum\u00f4nerie des \u00e9tablissements [&hellip;]<\/p>\n","protected":false},"author":2,"featured_media":0,"parent":0,"menu_order":0,"comment_status":"closed","ping_status":"closed","template":"","meta":{"iawp_total_views":2,"footnotes":""},"class_list":["post-76","page","type-page","status-publish","hentry"],"_links":{"self":[{"href":"https:\/\/stgilduin.fr\/index.php?rest_route=\/wp\/v2\/pages\/76","targetHints":{"allow":["GET"]}}],"collection":[{"href":"https:\/\/stgilduin.fr\/index.php?rest_route=\/wp\/v2\/pages"}],"about":[{"href":"https:\/\/stgilduin.fr\/index.php?rest_route=\/wp\/v2\/types\/page"}],"author":[{"embeddable":true,"href":"https:\/\/stgilduin.fr\/index.php?rest_route=\/wp\/v2\/users\/2"}],"replies":[{"embeddable":true,"href":"https:\/\/stgilduin.fr\/index.php?rest_route=%2Fwp%2Fv2%2Fcomments&post=76"}],"version-history":[{"count":19,"href":"https:\/\/stgilduin.fr\/index.php?rest_route=\/wp\/v2\/pages\/76\/revisions"}],"predecessor-version":[{"id":784,"href":"https:\/\/stgilduin.fr\/index.php?rest_route=\/wp\/v2\/pages\/76\/revisions\/784"}],"wp:attachment":[{"href":"https:\/\/stgilduin.fr\/index.php?rest_route=%2Fwp%2Fv2%2Fmedia&parent=76"}],"curies":[{"name":"wp","href":"https:\/\/api.w.org\/{rel}","templated":true}]}}