{"id":77,"date":"2025-06-17T11:34:16","date_gmt":"2025-06-17T11:34:16","guid":{"rendered":"http:\/\/91.214.191.58\/?page_id=77"},"modified":"2025-06-24T08:57:43","modified_gmt":"2025-06-24T08:57:43","slug":"mouvements-de-jeunesse","status":"publish","type":"page","link":"https:\/\/stgilduin.fr\/?page_id=77","title":{"rendered":"Mouvements de jeunesse"},"content":{"rendered":"\n<p><\/p>\n\n\n\n<div class=\"wp-block-columns is-layout-flex wp-container-core-columns-is-layout-28f84493 wp-block-columns-is-layout-flex\">\n<div class=\"wp-block-column is-layout-flow wp-block-column-is-layout-flow\" style=\"flex-basis:66.66%\">\n<figure class=\"wp-block-gallery has-nested-images columns-default is-cropped wp-block-gallery-1 is-layout-flex wp-block-gallery-is-layout-flex\">\n<figure class=\"wp-block-image size-full\"><img loading=\"lazy\" decoding=\"async\" width=\"519\" height=\"346\" data-id=\"406\" src=\"http:\/\/91.214.191.58\/wp-content\/uploads\/2025\/06\/Capture-decran-2025-06-24-a-10.30.51.png\" alt=\"\" class=\"wp-image-406\" srcset=\"https:\/\/stgilduin.fr\/wp-content\/uploads\/2025\/06\/Capture-decran-2025-06-24-a-10.30.51.png 519w, https:\/\/stgilduin.fr\/wp-content\/uploads\/2025\/06\/Capture-decran-2025-06-24-a-10.30.51-300x200.png 300w\" sizes=\"auto, (max-width: 519px) 100vw, 519px\" \/><\/figure>\n\n\n\n<figure class=\"wp-block-image size-full\"><img loading=\"lazy\" decoding=\"async\" width=\"637\" height=\"351\" data-id=\"410\" src=\"http:\/\/91.214.191.58\/wp-content\/uploads\/2025\/06\/Capture-decran-2025-06-24-a-10.36.53.png\" alt=\"\" class=\"wp-image-410\" srcset=\"https:\/\/stgilduin.fr\/wp-content\/uploads\/2025\/06\/Capture-decran-2025-06-24-a-10.36.53.png 637w, https:\/\/stgilduin.fr\/wp-content\/uploads\/2025\/06\/Capture-decran-2025-06-24-a-10.36.53-300x165.png 300w\" sizes=\"auto, (max-width: 637px) 100vw, 637px\" \/><\/figure>\n<\/figure>\n<\/div>\n\n\n\n<div class=\"wp-block-column is-layout-flow wp-block-column-is-layout-flow\" style=\"flex-basis:33.33%\">\n<h5 class=\"wp-block-heading\">Equipe &#8211; mouvements de jeunesse<\/h5>\n\n\n\n<ul class=\"wp-block-list\">\n<li>Paul Boone (1\u00e8re Chartres &#8211; Saint Louis AGSE) : 06 27 07 12 70<\/li>\n\n\n\n<li>Conseiller religieux : Abb\u00e9 Christophe BESNIER, conseiller religieux<\/li>\n<\/ul>\n\n\n\n<div class=\"wp-block-buttons is-content-justification-center is-layout-flex wp-container-core-buttons-is-layout-a89b3969 wp-block-buttons-is-layout-flex\">\n<div class=\"wp-block-button\"><a class=\"wp-block-button__link has-text-align-center wp-element-button\" href=\"agse1erechartres@gmail.com\">agse1erechartres@gmail.com<\/a><\/div>\n<\/div>\n<\/div>\n<\/div>\n\n\n\n<blockquote class=\"wp-block-quote is-layout-flow wp-block-quote-is-layout-flow\">\n<h5 class=\"wp-block-heading\">\u00a0\u00bb Routier mon fr\u00e8re, lorsque tu seras seul \u00e0 Paris, avec deux jours de libres devant toi, va \u00e0 Chartres. On en revient meilleur. \u00a0\u00bb Guy de Larigaudie, Etoile au Grand Large<\/h5>\n<\/blockquote>\n\n\n\n<p>A Chartres, quatre mouvements de jeunesse catholiques ouverts \u00e0 tous&nbsp;<em>(scout et MEJ)<\/em>&nbsp;sont pr\u00e9sents. Une belle dynamique qui permet \u00e0 chacun de choisir le mouvement qui lui convient.<\/p>\n\n\n\n<div class=\"wp-block-buttons is-layout-flex wp-block-buttons-is-layout-flex\">\n<div class=\"wp-block-button\"><a class=\"wp-block-button__link wp-element-button\" href=\"https:\/\/www.cathedrale-chartres.org\/guides-et-scouts-deurope-agse\/\">Guides et scouts d&rsquo;Europe<\/a><\/div>\n\n\n\n<div class=\"wp-block-button\"><a class=\"wp-block-button__link wp-element-button\" href=\"https:\/\/www.cathedrale-chartres.org\/scouts-et-guides-de-france\/\">Scouts et guides de France<\/a><\/div>\n\n\n\n<div class=\"wp-block-button\"><a class=\"wp-block-button__link wp-element-button\" href=\"https:\/\/www.cathedrale-chartres.org\/scouts-unitaires-de-france-suf\/\">Scouts unitaires de France<\/a><\/div>\n\n\n\n<div class=\"wp-block-button\"><a class=\"wp-block-button__link wp-element-button\" href=\"https:\/\/www.cathedrale-chartres.org\/mouvement-eucharistique-des-jeunes-mej\/\">Mouvement eucharistique des jeunes<\/a><\/div>\n<\/div>\n","protected":false},"excerpt":{"rendered":"<p>Equipe &#8211; mouvements de jeunesse \u00a0\u00bb Routier mon fr\u00e8re, lorsque tu seras seul \u00e0 Paris, avec deux jours de libres devant toi, va \u00e0 Chartres. On en revient meilleur. \u00a0\u00bb Guy de Larigaudie, Etoile au Grand Large A Chartres, quatre mouvements de jeunesse catholiques ouverts \u00e0 tous&nbsp;(scout et MEJ)&nbsp;sont pr\u00e9sents. Une belle dynamique qui permet [&hellip;]<\/p>\n","protected":false},"author":2,"featured_media":0,"parent":0,"menu_order":0,"comment_status":"closed","ping_status":"closed","template":"","meta":{"iawp_total_views":1,"footnotes":""},"class_list":["post-77","page","type-page","status-publish","hentry"],"_links":{"self":[{"href":"https:\/\/stgilduin.fr\/index.php?rest_route=\/wp\/v2\/pages\/77","targetHints":{"allow":["GET"]}}],"collection":[{"href":"https:\/\/stgilduin.fr\/index.php?rest_route=\/wp\/v2\/pages"}],"about":[{"href":"https:\/\/stgilduin.fr\/index.php?rest_route=\/wp\/v2\/types\/page"}],"author":[{"embeddable":true,"href":"https:\/\/stgilduin.fr\/index.php?rest_route=\/wp\/v2\/users\/2"}],"replies":[{"embeddable":true,"href":"https:\/\/stgilduin.fr\/index.php?rest_route=%2Fwp%2Fv2%2Fcomments&post=77"}],"version-history":[{"count":7,"href":"https:\/\/stgilduin.fr\/index.php?rest_route=\/wp\/v2\/pages\/77\/revisions"}],"predecessor-version":[{"id":426,"href":"https:\/\/stgilduin.fr\/index.php?rest_route=\/wp\/v2\/pages\/77\/revisions\/426"}],"wp:attachment":[{"href":"https:\/\/stgilduin.fr\/index.php?rest_route=%2Fwp%2Fv2%2Fmedia&parent=77"}],"curies":[{"name":"wp","href":"https:\/\/api.w.org\/{rel}","templated":true}]}}