{"id":9,"date":"2025-06-17T11:34:29","date_gmt":"2025-06-17T11:34:29","guid":{"rendered":"http:\/\/91.214.191.58\/?page_id=9"},"modified":"2026-02-20T16:58:06","modified_gmt":"2026-02-20T14:58:06","slug":"la-paroisse","status":"publish","type":"page","link":"https:\/\/stgilduin.fr\/","title":{"rendered":"Ma paroisse"},"content":{"rendered":"\n<div class=\"wp-block-group alignfull has-global-padding is-layout-constrained wp-container-core-group-is-layout-7dc229c6 wp-block-group-is-layout-constrained\" style=\"padding-top:var(--wp--preset--spacing--superbspacing-xxlarge);padding-right:var(--wp--preset--spacing--superbspacing-small);padding-bottom:var(--wp--preset--spacing--superbspacing-xxlarge);padding-left:var(--wp--preset--spacing--superbspacing-small)\">\n<div class=\"wp-block-columns alignwide is-layout-flex wp-container-core-columns-is-layout-a001aa69 wp-block-columns-is-layout-flex\" style=\"margin-top:0;margin-bottom:0\">\n<div class=\"wp-block-column is-vertically-aligned-center is-layout-flow wp-container-core-column-is-layout-db2cb278 wp-block-column-is-layout-flow\">\n<h2 class=\"wp-block-heading has-text-align-left has-primary-color has-text-color has-superbfont-xxsmall-font-size\" style=\"font-style:normal;font-weight:700;letter-spacing:5px;text-transform:uppercase\">Qui sommes-nous ?<\/h2>\n\n\n\n<h3 class=\"wp-block-heading has-text-align-left has-superbfont-large-font-size\">La paroisse Saint-Gilduin<\/h3>\n\n\n\n<p class=\"has-text-align-left has-secondary-color has-text-color has-superbfont-medium-font-size\">La Paroisse se compose de plusieurs \u00e9quipes qui viennent soutenir les missions pastorales et administratives du cur\u00e9. <\/p>\n\n\n\n<div class=\"wp-block-buttons is-layout-flex wp-block-buttons-is-layout-flex\">\n<div class=\"wp-block-button\"><a class=\"wp-block-button__link wp-element-button\" href=\"http:\/\/91.214.191.58\/?page_id=118\">Mon cur\u00e9<\/a><\/div>\n\n\n\n<div class=\"wp-block-button\"><a class=\"wp-block-button__link wp-element-button\" href=\"http:\/\/91.214.191.58\/?page_id=119\">Le Conseil Missionnaire paroissial<\/a><\/div>\n\n\n\n<div class=\"wp-block-button\"><a class=\"wp-block-button__link wp-element-button\" href=\"http:\/\/91.214.191.58\/?page_id=120\">Le Conseil Paroissial des Affaires \u00e9conomiques<\/a><\/div>\n\n\n\n<div class=\"wp-block-button is-style-outline is-style-outline--1\"><a class=\"wp-block-button__link wp-element-button\" href=\"http:\/\/91.214.191.58\/?page_id=379\">Equipe com&rsquo;<\/a><\/div>\n\n\n\n<div class=\"wp-block-button is-style-outline is-style-outline--2\"><a class=\"wp-block-button__link wp-element-button\" href=\"http:\/\/91.214.191.58\/?page_id=373\">Equipe liturgie<\/a><\/div>\n\n\n\n<div class=\"wp-block-button is-style-outline is-style-outline--3\"><a class=\"wp-block-button__link wp-element-button\" href=\"http:\/\/91.214.191.58\/?page_id=333\">Equipe convivialit\u00e9<\/a><\/div>\n<\/div>\n<\/div>\n\n\n\n<div class=\"wp-block-column is-vertically-aligned-center is-layout-flow wp-container-core-column-is-layout-40a2a7e8 wp-block-column-is-layout-flow\" style=\"padding-right:0;padding-bottom:0;padding-left:0\">\n<figure class=\"wp-block-image aligncenter size-full has-custom-border\"><img loading=\"lazy\" decoding=\"async\" width=\"1800\" height=\"509\" src=\"https:\/\/stgilduin.fr\/wp-content\/uploads\/2026\/02\/Bandeau-petit-gilduin.png\" alt=\"\" class=\"wp-image-766\" style=\"border-radius:20px\" srcset=\"https:\/\/stgilduin.fr\/wp-content\/uploads\/2026\/02\/Bandeau-petit-gilduin.png 1800w, https:\/\/stgilduin.fr\/wp-content\/uploads\/2026\/02\/Bandeau-petit-gilduin-300x85.png 300w, https:\/\/stgilduin.fr\/wp-content\/uploads\/2026\/02\/Bandeau-petit-gilduin-1024x290.png 1024w, https:\/\/stgilduin.fr\/wp-content\/uploads\/2026\/02\/Bandeau-petit-gilduin-768x217.png 768w, https:\/\/stgilduin.fr\/wp-content\/uploads\/2026\/02\/Bandeau-petit-gilduin-1536x434.png 1536w\" sizes=\"auto, (max-width: 1800px) 100vw, 1800px\" \/><\/figure>\n<\/div>\n<\/div>\n\n\n\n<p><\/p>\n\n\n\n<p>Tous les talents sont les bienvenus ! N&rsquo;h\u00e9sitez pas \u00e0 r\u00e9pondre \u00e0 <a href=\"http:\/\/www.paroisse.stgilduin.fr\/generique.php?page=33\" data-type=\"link\" data-id=\"http:\/\/www.paroisse.stgilduin.fr\/generique.php?page=33\">ce questionnaire<\/a> pour trouver l&rsquo;engagement qui vous convient ! <\/p>\n<\/div>\n","protected":false},"excerpt":{"rendered":"<p>Qui sommes-nous ? La paroisse Saint-Gilduin La Paroisse se compose de plusieurs \u00e9quipes qui viennent soutenir les missions pastorales et administratives du cur\u00e9. Tous les talents sont les bienvenus ! N&rsquo;h\u00e9sitez pas \u00e0 r\u00e9pondre \u00e0 ce questionnaire pour trouver l&rsquo;engagement qui vous convient !<\/p>\n","protected":false},"author":2,"featured_media":0,"parent":0,"menu_order":0,"comment_status":"closed","ping_status":"closed","template":"","meta":{"iawp_total_views":128,"footnotes":""},"class_list":["post-9","page","type-page","status-publish","hentry"],"_links":{"self":[{"href":"https:\/\/stgilduin.fr\/index.php?rest_route=\/wp\/v2\/pages\/9","targetHints":{"allow":["GET"]}}],"collection":[{"href":"https:\/\/stgilduin.fr\/index.php?rest_route=\/wp\/v2\/pages"}],"about":[{"href":"https:\/\/stgilduin.fr\/index.php?rest_route=\/wp\/v2\/types\/page"}],"author":[{"embeddable":true,"href":"https:\/\/stgilduin.fr\/index.php?rest_route=\/wp\/v2\/users\/2"}],"replies":[{"embeddable":true,"href":"https:\/\/stgilduin.fr\/index.php?rest_route=%2Fwp%2Fv2%2Fcomments&post=9"}],"version-history":[{"count":12,"href":"https:\/\/stgilduin.fr\/index.php?rest_route=\/wp\/v2\/pages\/9\/revisions"}],"predecessor-version":[{"id":767,"href":"https:\/\/stgilduin.fr\/index.php?rest_route=\/wp\/v2\/pages\/9\/revisions\/767"}],"wp:attachment":[{"href":"https:\/\/stgilduin.fr\/index.php?rest_route=%2Fwp%2Fv2%2Fmedia&parent=9"}],"curies":[{"name":"wp","href":"https:\/\/api.w.org\/{rel}","templated":true}]}}